{"id":138,"date":"2019-07-26T17:10:59","date_gmt":"2019-07-26T20:10:59","guid":{"rendered":"https:\/\/poesiaprosaecafecomigo.com\/?page_id=138"},"modified":"2023-01-05T13:03:15","modified_gmt":"2023-01-05T16:03:15","slug":"fabulas","status":"publish","type":"page","link":"https:\/\/poesiaprosaecafecomigo.com\/index.php\/fabulas\/","title":{"rendered":"F\u00e1bulas"},"content":{"rendered":"\n<div class=\"wp-block-group\"><div class=\"wp-block-group__inner-container is-layout-constrained wp-block-group-is-layout-constrained\">\n<p class=\"has-drop-cap has-text-align-justify\">\n\nQuando crian\u00e7a minhas leituras preferidas eram aquelas em que os animais, al\u00e9m de se expressarem falando, possu\u00edam grande sabedoria em suas decis\u00f5es. Bem&#8230; \u00e0s vezes n\u00e3o \u00e9 bem verdade!\n\n<\/p>\n<\/div><\/div>\n\n\n\n<p>\u00a0<\/p>\n<p style=\"text-align: justify;\">Grandes li\u00e7\u00f5es de moral! Somos inteligentes se aprendemos com nossos erros. Mas certamente seremos s\u00e1bios se aprendermos com os erros dos outros!<\/p>\n<p style=\"text-align: justify;\">Hoje, adulta, observando os animaizinhos com suas rotinas, ciclo de vida, perseveran\u00e7a e caracter\u00edsticas, percebo que a menina ainda busca \u201couvir\u201d a voz dos bichinhos e aprender com eles.<\/p>\n<p style=\"text-align: justify;\">A natureza, obra das m\u00e3os de Deus, possui ensinamentos que s\u00e3o tesouros inimagin\u00e1veis, para compartilhar conosco!<\/p>\n<p>\u00a0<\/p>\n<hr \/>\n<p>\u00a0<\/p>\n<p>\u00a0<\/p>\n<p>\u00a0<\/p>\n      <div id=\"post-grid-lazy-330\" class=\"post-grid-lazy\"><img decoding=\"async\" alt=\"\" src=\"\" \/><\/div>\n    <script>\n      jQuery('#post-grid-lazy-330').ready(function($) {\n        $('#post-grid-lazy-330').fadeOut();\n        $('#post-grid-330   ').fadeIn();\n      })\n    <\/script>\n    <style type=\"text\/css\">\n      #post-grid-330 {\n        display: none;\n      }\n\n      .post-grid-lazy {\n        text-align: center;\n      }\n    <\/style>\n    <div data-options='{&quot;id&quot;:&quot;330&quot;,&quot;lazy_load&quot;:&quot;yes&quot;,&quot;masonry_enable&quot;:&quot;yes&quot;,&quot;view_type&quot;:&quot;grid&quot;}' id=\"post-grid-330\" class=\"post-grid grid\">\n    \n\n\n    <div class=\"grid-items\">\n      <div class=\"item item-362 skin flat even 0 \">\n        <div class=\"layer-wrapper layout-578\">\n          <div class=\"layer-media element_1587187627902\"\r\n        id=\"\">\r\n        <div\r\n        class=\"element element_1587190790308  element-media \">\r\n        <a target=\"_self\" href=\"https:\/\/poesiaprosaecafecomigo.com\/index.php\/2019\/08\/08\/o-escorpiao-e-o-sapo\/\"><img loading=\"lazy\" decoding=\"async\" width=\"825\" height=\"464\" src=\"https:\/\/poesiaprosaecafecomigo.com\/wp-content\/uploads\/2019\/08\/scorpion_frog-1024x576.jpg\" class=\"attachment-large size-large wp-post-image\" alt=\"\" \/><\/a>    <\/div>\r\n    <\/div>\r\n    <div class=\"layer-content element_1587187714568\"\r\n        id=\"\">\r\n        <div class=\"element element_1587187895341  title \">\r\n                    <a target=\"_blank\"\r\n                href=\"https:\/\/poesiaprosaecafecomigo.com\/index.php\/2019\/08\/08\/o-escorpiao-e-o-sapo\/\">O Escorpi\u00e3o e o Sapo<\/a>\r\n            <\/div>\r\n    <div class=\"element element_1587187729822  excerpt \">\r\n        - Baseada na F\u00e1bula de Esopo - \u00a0 Quando houve um grande inc\u00eandio Daquele outro lado, Os animaizinhos se uniram Para escapar do mau fado!                    <a target=\"_blank\"\r\n                href=\"https:\/\/poesiaprosaecafecomigo.com\/index.php\/2019\/08\/08\/o-escorpiao-e-o-sapo\/\">Read more<\/a>\r\n            <\/div>\r\n    <\/div>\r\n    <\/div>\n  <\/div>    <\/div>\n    <div class=\"pagination\">\n      <div class=\"paginate\">\n      <\/div>\n  <style type=\"text\/css\">\n    #post-grid-330 .pagination .page-numbers {\n      font-size: 16px;\n      color: #fff;\n      background: #71ddda;\n    }\n\n    #post-grid-330 .pagination .page-numbers:hover,\n    #post-grid-330 .pagination .page-numbers.current {\n      background: #b3e2dc;\n    }\n  <\/style>\n  <\/div>\n        <style type=\"text\/css\">\r\n            .layout-578 .element_1587187627902 {\r\n                            }\r\n\r\n                    <\/style>\r\n        <style type=\"text\/css\">\r\n        .layout-578 .element_1587190790308 {\r\n            overflow: hidden;\r\n                    }\r\n\r\n        .layout-578 .element_1587190790308 img {\r\n            max-width: 100%;\r\n            height: auto;\r\n        }\r\n\r\n        @media only screen and (min-width: 1024px) {\r\n            .layout-578 .element_1587190790308 {\r\n                height: auto;\r\n                            }\r\n        }\r\n\r\n        @media only screen and (min-width: 768px) and (max-width: 1023px) {\r\n            .layout-578 .element_1587190790308 {\r\n                            }\r\n        }\r\n\r\n        @media only screen and (min-width: 0px) and (max-width: 767px) {\r\n            .layout-578 .element_1587190790308 {\r\n                            }\r\n        }\r\n    <\/style>\r\n        <style type=\"text\/css\">\r\n            .layout-578 .element_1587187714568 {\r\n                margin: 10px;\r\n                            }\r\n\r\n                    <\/style>\r\n        <style type=\"text\/css\">\r\n        .layout-578 .element_1587187895341 {\r\n            font-size: 18px;\r\n            margin: 5px 0;\r\n            text-align: left;\r\n                    }\r\n\r\n        .layout-578 .element_1587187895341 a {\r\n            font-size: 18px;\r\n            margin: 5px 0;\r\n            text-align: left;\r\n                    }\r\n    <\/style>\r\n    <style type=\"text\/css\">\r\n        .layout-578 .element_1587187729822 {\r\n            font-size: 14px;\r\n            margin: 10px 0;\r\n            text-align: left;\r\n                    }\r\n\r\n        .layout-578 .element_1587187729822 a {\r\n            font-size: 14px;\r\n                    }\r\n    <\/style>\r\n        <style type=\"text\/css\">\n      .layout-578 a{text-decoration:none}.layout-578{overflow:hidden;position:relative;vertical-align:top}.layout-578:hover .layer-media{-webkit-transform:rotate(30deg);-ms-transform:rotate(30deg);transform:rotate(30deg);opacity:0}.layout-578 .layer-media{-webkit-transition:all 1s ease 0s;transition:all 1s ease 0s;left:0;top:0;width:100%}.layout-578:hover .layer-content{opacity:1}.layout-578 .layer-content{left:0;opacity:0;position:absolute;top:0;width:100%;-webkit-transition:all 1s ease 0s;transition:all 1s ease 0s}.layout-578 .layer-hover{display:none}    <\/style>\n    <script>\n          <\/script>\n    <style type=\"text\/css\">\n    #post-grid-330 {\n      padding: 10px;\n      background-image: url(https:\/\/poesiaprosaecafecomigo.com\/wp-content\/plugins\/post-grid\/assets\/admin\/bg\/dimension.png);\n          }\n\n    #post-grid-330 .item {\n      padding: 0px;\n      background: #fff;\n          }\n\n    #post-grid-330 .item .layer-media {\n      height:auto;    }\n\n    @media only screen and (min-width: 0px) and (max-width: 767px) {\n      #post-grid-330 .grid-items {\n        text-align: center;\n              }\n\n      #post-grid-330 .item {\n        width: 90%;\n        margin: 10px;\n        display: inline-block;\n        vertical-align: top;\n        height:auto;      }\n    }\n\n    @media only screen and (min-width: 768px) and (max-width: 1023px) {\n      #post-grid-330 .grid-items {\n        text-align: center;\n              }\n\n      #post-grid-330 .item {\n        width: 280px;\n        margin: 10px;\n        display: inline-block;\n        vertical-align: top;\n        max-height:auto;      }\n    }\n\n    @media only screen and (min-width: 1024px) {\n      #post-grid-330 .grid-items {\n        text-align: center;\n              }\n\n      #post-grid-330 .item {\n        width: 280px;\n        display: inline-block;\n        margin: 10px;\n        vertical-align: top;\n        height:auto;      }\n    }\n\n      <\/style>\n  <\/div>\n\n","protected":false},"excerpt":{"rendered":"<p>Quando crian\u00e7a minhas leituras preferidas eram aquelas em que os animais, al\u00e9m de se expressarem falando, possu\u00edam grande sabedoria em suas decis\u00f5es. Bem&#8230; \u00e0s vezes n\u00e3o \u00e9 bem verdade! \u00a0 Grandes li\u00e7\u00f5es de moral! Somos inteligentes se aprendemos com nossos erros. Mas certamente seremos s\u00e1bios se aprendermos com os erros dos outros! Hoje, adulta, observando&hellip; <a href=\"https:\/\/poesiaprosaecafecomigo.com\/index.php\/2019\/08\/08\/o-escorpiao-e-o-sapo\/\" class=\"more-link\">Continuar lendo <span class=\"screen-reader-text\">O Escorpi\u00e3o e o Sapo<\/span><\/a><\/p>\n","protected":false},"author":1,"featured_media":250,"parent":0,"menu_order":0,"comment_status":"closed","ping_status":"closed","template":"","meta":{"footnotes":""},"class_list":["post-138","page","type-page","status-publish","has-post-thumbnail","hentry","with-featured-image"],"yoast_head":"<!-- This site is optimized with the Yoast SEO plugin v24.9 - https:\/\/yoast.com\/wordpress\/plugins\/seo\/ -->\n<title>F\u00e1bulas - Poesia, Prosa e Caf\u00e9 Comigo!<\/title>\n<meta name=\"robots\" content=\"index, follow, max-snippet:-1, max-image-preview:large, max-video-preview:-1\" \/>\n<link rel=\"canonical\" href=\"https:\/\/poesiaprosaecafecomigo.com\/index.php\/fabulas\/\" \/>\n<meta property=\"og:locale\" content=\"pt_BR\" \/>\n<meta property=\"og:type\" content=\"article\" \/>\n<meta property=\"og:title\" content=\"F\u00e1bulas - Poesia, Prosa e Caf\u00e9 Comigo!\" \/>\n<meta property=\"og:description\" content=\"Quando crian\u00e7a minhas leituras preferidas eram aquelas em que os animais, al\u00e9m de se expressarem falando, possu\u00edam grande sabedoria em suas decis\u00f5es. Bem&#8230; \u00e0s vezes n\u00e3o \u00e9 bem verdade! \u00a0 Grandes li\u00e7\u00f5es de moral! Somos inteligentes se aprendemos com nossos erros. Mas certamente seremos s\u00e1bios se aprendermos com os erros dos outros! Hoje, adulta, observando&hellip; Continuar lendo O Escorpi\u00e3o e o Sapo\" \/>\n<meta property=\"og:url\" content=\"https:\/\/poesiaprosaecafecomigo.com\/index.php\/fabulas\/\" \/>\n<meta property=\"og:site_name\" content=\"Poesia, Prosa e Caf\u00e9 Comigo!\" \/>\n<meta property=\"article:modified_time\" content=\"2023-01-05T16:03:15+00:00\" \/>\n<meta property=\"og:image\" content=\"https:\/\/poesiaprosaecafecomigo.com\/wp-content\/uploads\/2019\/08\/fables_red_riding_hood.jpg\" \/>\n\t<meta property=\"og:image:width\" content=\"1192\" \/>\n\t<meta property=\"og:image:height\" content=\"670\" \/>\n\t<meta property=\"og:image:type\" content=\"image\/jpeg\" \/>\n<meta name=\"twitter:card\" content=\"summary_large_image\" \/>\n<meta name=\"twitter:label1\" content=\"Est. tempo de leitura\" \/>\n\t<meta name=\"twitter:data1\" content=\"1 minuto\" \/>\n<script type=\"application\/ld+json\" class=\"yoast-schema-graph\">{\"@context\":\"https:\/\/schema.org\",\"@graph\":[{\"@type\":\"WebPage\",\"@id\":\"https:\/\/poesiaprosaecafecomigo.com\/index.php\/fabulas\/\",\"url\":\"https:\/\/poesiaprosaecafecomigo.com\/index.php\/fabulas\/\",\"name\":\"F\u00e1bulas - Poesia, Prosa e Caf\u00e9 Comigo!\",\"isPartOf\":{\"@id\":\"https:\/\/poesiaprosaecafecomigo.com\/#website\"},\"primaryImageOfPage\":{\"@id\":\"https:\/\/poesiaprosaecafecomigo.com\/index.php\/fabulas\/#primaryimage\"},\"image\":{\"@id\":\"https:\/\/poesiaprosaecafecomigo.com\/index.php\/fabulas\/#primaryimage\"},\"thumbnailUrl\":\"https:\/\/poesiaprosaecafecomigo.com\/wp-content\/uploads\/2019\/08\/fables_red_riding_hood.jpg\",\"datePublished\":\"2019-07-26T20:10:59+00:00\",\"dateModified\":\"2023-01-05T16:03:15+00:00\",\"breadcrumb\":{\"@id\":\"https:\/\/poesiaprosaecafecomigo.com\/index.php\/fabulas\/#breadcrumb\"},\"inLanguage\":\"pt-BR\",\"potentialAction\":[{\"@type\":\"ReadAction\",\"target\":[\"https:\/\/poesiaprosaecafecomigo.com\/index.php\/fabulas\/\"]}]},{\"@type\":\"ImageObject\",\"inLanguage\":\"pt-BR\",\"@id\":\"https:\/\/poesiaprosaecafecomigo.com\/index.php\/fabulas\/#primaryimage\",\"url\":\"https:\/\/poesiaprosaecafecomigo.com\/wp-content\/uploads\/2019\/08\/fables_red_riding_hood.jpg\",\"contentUrl\":\"https:\/\/poesiaprosaecafecomigo.com\/wp-content\/uploads\/2019\/08\/fables_red_riding_hood.jpg\",\"width\":1192,\"height\":670},{\"@type\":\"BreadcrumbList\",\"@id\":\"https:\/\/poesiaprosaecafecomigo.com\/index.php\/fabulas\/#breadcrumb\",\"itemListElement\":[{\"@type\":\"ListItem\",\"position\":1,\"name\":\"In\u00edcio\",\"item\":\"https:\/\/poesiaprosaecafecomigo.com\/\"},{\"@type\":\"ListItem\",\"position\":2,\"name\":\"F\u00e1bulas\"}]},{\"@type\":\"WebSite\",\"@id\":\"https:\/\/poesiaprosaecafecomigo.com\/#website\",\"url\":\"https:\/\/poesiaprosaecafecomigo.com\/\",\"name\":\"Poesia, Prosa e Caf\u00e9 Comigo!\",\"description\":\"Um lugar de descanso da mente\",\"publisher\":{\"@id\":\"https:\/\/poesiaprosaecafecomigo.com\/#\/schema\/person\/f4dede983ec8b0bb237b78c44fdf6ffa\"},\"potentialAction\":[{\"@type\":\"SearchAction\",\"target\":{\"@type\":\"EntryPoint\",\"urlTemplate\":\"https:\/\/poesiaprosaecafecomigo.com\/?s={search_term_string}\"},\"query-input\":{\"@type\":\"PropertyValueSpecification\",\"valueRequired\":true,\"valueName\":\"search_term_string\"}}],\"inLanguage\":\"pt-BR\"},{\"@type\":[\"Person\",\"Organization\"],\"@id\":\"https:\/\/poesiaprosaecafecomigo.com\/#\/schema\/person\/f4dede983ec8b0bb237b78c44fdf6ffa\",\"name\":\"MartaSouza\",\"image\":{\"@type\":\"ImageObject\",\"inLanguage\":\"pt-BR\",\"@id\":\"https:\/\/poesiaprosaecafecomigo.com\/#\/schema\/person\/image\/\",\"url\":\"https:\/\/poesiaprosaecafecomigo.com\/wp-content\/uploads\/2019\/07\/cropped-poesia_prosa_logo-3.png\",\"contentUrl\":\"https:\/\/poesiaprosaecafecomigo.com\/wp-content\/uploads\/2019\/07\/cropped-poesia_prosa_logo-3.png\",\"width\":816,\"height\":643,\"caption\":\"MartaSouza\"},\"logo\":{\"@id\":\"https:\/\/poesiaprosaecafecomigo.com\/#\/schema\/person\/image\/\"}}]}<\/script>\n<!-- \/ Yoast SEO plugin. -->","yoast_head_json":{"title":"F\u00e1bulas - Poesia, Prosa e Caf\u00e9 Comigo!","robots":{"index":"index","follow":"follow","max-snippet":"max-snippet:-1","max-image-preview":"max-image-preview:large","max-video-preview":"max-video-preview:-1"},"canonical":"https:\/\/poesiaprosaecafecomigo.com\/index.php\/fabulas\/","og_locale":"pt_BR","og_type":"article","og_title":"F\u00e1bulas - Poesia, Prosa e Caf\u00e9 Comigo!","og_description":"Quando crian\u00e7a minhas leituras preferidas eram aquelas em que os animais, al\u00e9m de se expressarem falando, possu\u00edam grande sabedoria em suas decis\u00f5es. Bem&#8230; \u00e0s vezes n\u00e3o \u00e9 bem verdade! \u00a0 Grandes li\u00e7\u00f5es de moral! Somos inteligentes se aprendemos com nossos erros. Mas certamente seremos s\u00e1bios se aprendermos com os erros dos outros! Hoje, adulta, observando&hellip; Continuar lendo O Escorpi\u00e3o e o Sapo","og_url":"https:\/\/poesiaprosaecafecomigo.com\/index.php\/fabulas\/","og_site_name":"Poesia, Prosa e Caf\u00e9 Comigo!","article_modified_time":"2023-01-05T16:03:15+00:00","og_image":[{"width":1192,"height":670,"url":"https:\/\/poesiaprosaecafecomigo.com\/wp-content\/uploads\/2019\/08\/fables_red_riding_hood.jpg","type":"image\/jpeg"}],"twitter_card":"summary_large_image","twitter_misc":{"Est. tempo de leitura":"1 minuto"},"schema":{"@context":"https:\/\/schema.org","@graph":[{"@type":"WebPage","@id":"https:\/\/poesiaprosaecafecomigo.com\/index.php\/fabulas\/","url":"https:\/\/poesiaprosaecafecomigo.com\/index.php\/fabulas\/","name":"F\u00e1bulas - Poesia, Prosa e Caf\u00e9 Comigo!","isPartOf":{"@id":"https:\/\/poesiaprosaecafecomigo.com\/#website"},"primaryImageOfPage":{"@id":"https:\/\/poesiaprosaecafecomigo.com\/index.php\/fabulas\/#primaryimage"},"image":{"@id":"https:\/\/poesiaprosaecafecomigo.com\/index.php\/fabulas\/#primaryimage"},"thumbnailUrl":"https:\/\/poesiaprosaecafecomigo.com\/wp-content\/uploads\/2019\/08\/fables_red_riding_hood.jpg","datePublished":"2019-07-26T20:10:59+00:00","dateModified":"2023-01-05T16:03:15+00:00","breadcrumb":{"@id":"https:\/\/poesiaprosaecafecomigo.com\/index.php\/fabulas\/#breadcrumb"},"inLanguage":"pt-BR","potentialAction":[{"@type":"ReadAction","target":["https:\/\/poesiaprosaecafecomigo.com\/index.php\/fabulas\/"]}]},{"@type":"ImageObject","inLanguage":"pt-BR","@id":"https:\/\/poesiaprosaecafecomigo.com\/index.php\/fabulas\/#primaryimage","url":"https:\/\/poesiaprosaecafecomigo.com\/wp-content\/uploads\/2019\/08\/fables_red_riding_hood.jpg","contentUrl":"https:\/\/poesiaprosaecafecomigo.com\/wp-content\/uploads\/2019\/08\/fables_red_riding_hood.jpg","width":1192,"height":670},{"@type":"BreadcrumbList","@id":"https:\/\/poesiaprosaecafecomigo.com\/index.php\/fabulas\/#breadcrumb","itemListElement":[{"@type":"ListItem","position":1,"name":"In\u00edcio","item":"https:\/\/poesiaprosaecafecomigo.com\/"},{"@type":"ListItem","position":2,"name":"F\u00e1bulas"}]},{"@type":"WebSite","@id":"https:\/\/poesiaprosaecafecomigo.com\/#website","url":"https:\/\/poesiaprosaecafecomigo.com\/","name":"Poesia, Prosa e Caf\u00e9 Comigo!","description":"Um lugar de descanso da mente","publisher":{"@id":"https:\/\/poesiaprosaecafecomigo.com\/#\/schema\/person\/f4dede983ec8b0bb237b78c44fdf6ffa"},"potentialAction":[{"@type":"SearchAction","target":{"@type":"EntryPoint","urlTemplate":"https:\/\/poesiaprosaecafecomigo.com\/?s={search_term_string}"},"query-input":{"@type":"PropertyValueSpecification","valueRequired":true,"valueName":"search_term_string"}}],"inLanguage":"pt-BR"},{"@type":["Person","Organization"],"@id":"https:\/\/poesiaprosaecafecomigo.com\/#\/schema\/person\/f4dede983ec8b0bb237b78c44fdf6ffa","name":"MartaSouza","image":{"@type":"ImageObject","inLanguage":"pt-BR","@id":"https:\/\/poesiaprosaecafecomigo.com\/#\/schema\/person\/image\/","url":"https:\/\/poesiaprosaecafecomigo.com\/wp-content\/uploads\/2019\/07\/cropped-poesia_prosa_logo-3.png","contentUrl":"https:\/\/poesiaprosaecafecomigo.com\/wp-content\/uploads\/2019\/07\/cropped-poesia_prosa_logo-3.png","width":816,"height":643,"caption":"MartaSouza"},"logo":{"@id":"https:\/\/poesiaprosaecafecomigo.com\/#\/schema\/person\/image\/"}}]}},"_links":{"self":[{"href":"https:\/\/poesiaprosaecafecomigo.com\/index.php\/wp-json\/wp\/v2\/pages\/138","targetHints":{"allow":["GET"]}}],"collection":[{"href":"https:\/\/poesiaprosaecafecomigo.com\/index.php\/wp-json\/wp\/v2\/pages"}],"about":[{"href":"https:\/\/poesiaprosaecafecomigo.com\/index.php\/wp-json\/wp\/v2\/types\/page"}],"author":[{"embeddable":true,"href":"https:\/\/poesiaprosaecafecomigo.com\/index.php\/wp-json\/wp\/v2\/users\/1"}],"replies":[{"embeddable":true,"href":"https:\/\/poesiaprosaecafecomigo.com\/index.php\/wp-json\/wp\/v2\/comments?post=138"}],"version-history":[{"count":7,"href":"https:\/\/poesiaprosaecafecomigo.com\/index.php\/wp-json\/wp\/v2\/pages\/138\/revisions"}],"predecessor-version":[{"id":633,"href":"https:\/\/poesiaprosaecafecomigo.com\/index.php\/wp-json\/wp\/v2\/pages\/138\/revisions\/633"}],"wp:featuredmedia":[{"embeddable":true,"href":"https:\/\/poesiaprosaecafecomigo.com\/index.php\/wp-json\/wp\/v2\/media\/250"}],"wp:attachment":[{"href":"https:\/\/poesiaprosaecafecomigo.com\/index.php\/wp-json\/wp\/v2\/media?parent=138"}],"curies":[{"name":"wp","href":"https:\/\/api.w.org\/{rel}","templated":true}]}}