{"id":31,"date":"2015-02-18T18:08:06","date_gmt":"2015-02-18T18:08:06","guid":{"rendered":"https:\/\/poesiaprosaecafecomigo.wordpress.com\/?page_id=31"},"modified":"2019-08-10T17:00:58","modified_gmt":"2019-08-10T20:00:58","slug":"poesias","status":"publish","type":"page","link":"https:\/\/poesiaprosaecafecomigo.com\/index.php\/poesias\/","title":{"rendered":"Poesias"},"content":{"rendered":"\n<p class=\"has-drop-cap\" style=\"text-align: justify; background: white; vertical-align: baseline; margin: 0cm 0cm 19.2pt 0cm;\"><span style=\"font-size: 13.5pt; font-family: 'inherit',serif; color: #444340;\">Bem\u2026 Voc\u00ea est\u00e1 no meu cantinho de poesias!<\/span><\/p>\n<p style=\"text-align: justify; background: white; vertical-align: baseline; margin: 0cm 0cm 19.2pt 0cm;\"><span style=\"font-size: 13.5pt; font-family: 'inherit',serif; color: #444340;\">\u00c0s vezes uma coisa muito engra\u00e7ada acontece comigo, percebo que meus pensamentos sobre alguns assuntos assumem formato de ritmo e rima.<\/span><\/p>\n<p style=\"text-align: justify; background: white; vertical-align: baseline; margin: 0cm 0cm 19.2pt 0cm;\"><span style=\"font-size: 13.5pt; font-family: 'inherit',serif; color: #444340;\">\u00c9-me poss\u00edvel ouvir o \u201ccantado\u201d que as palavras assumem!<\/span><\/p>\n<p style=\"text-align: justify; background: white; vertical-align: baseline; margin: 0cm 0cm 19.2pt 0cm;\"><span style=\"font-size: 13.5pt; font-family: 'inherit',serif; color: #444340;\">Comecei a registr\u00e1-las e isso me delicia\u2026<\/span><\/p>\n<p style=\"text-align: justify; background: white; vertical-align: baseline; margin: 0cm 0cm 19.2pt 0cm;\"><span style=\"font-size: 13.5pt; font-family: 'inherit',serif; color: #444340;\">Fique \u00e0 vontade com meus versinhos!<\/span><\/p>\n<p style=\"text-align: justify; background: white; vertical-align: baseline; margin: 0cm 0cm 19.2pt 0cm;\"><span style=\"font-size: 13.5pt; font-family: 'inherit',serif; color: #444340;\">E por conta da sua imagina\u00e7\u00e3o, fica o motivo que me levou a escrev\u00ea-los!!!<\/span><\/p>\n\n\n\n<p>&nbsp;<\/p>\n<hr>\n<p>&nbsp;<\/p>\n<p>&nbsp;<\/p>\n\n\n      <div id=\"post-grid-lazy-200\" class=\"post-grid-lazy\"><img decoding=\"async\" alt=\"\" src=\"\" \/><\/div>\n    <script>\n      jQuery('#post-grid-lazy-200').ready(function($) {\n        $('#post-grid-lazy-200').fadeOut();\n        $('#post-grid-200   ').fadeIn();\n      })\n    <\/script>\n    <style type=\"text\/css\">\n      #post-grid-200 {\n        display: none;\n      }\n\n      .post-grid-lazy {\n        text-align: center;\n      }\n    <\/style>\n    <div data-options='{&quot;id&quot;:&quot;200&quot;,&quot;lazy_load&quot;:&quot;yes&quot;,&quot;masonry_enable&quot;:&quot;yes&quot;,&quot;view_type&quot;:&quot;grid&quot;}' id=\"post-grid-200\" class=\"post-grid grid\">\n    \n\n\n    <div class=\"grid-items\">\n      <div class=\"item item-514 skin flat even 0 \">\n        <div class=\"layer-wrapper layout-578\">\n          <div class=\"layer-media element_1587187627902\"\r\n        id=\"\">\r\n        <div\r\n        class=\"element element_1587190790308  element-media \">\r\n        <a target=\"_self\" href=\"https:\/\/poesiaprosaecafecomigo.com\/index.php\/2019\/08\/24\/o-pino-do-relogio\/\"><img loading=\"lazy\" decoding=\"async\" width=\"825\" height=\"464\" src=\"https:\/\/poesiaprosaecafecomigo.com\/wp-content\/uploads\/2019\/08\/mom_ponteiro_piano-1024x576.jpg\" class=\"attachment-large size-large wp-post-image\" alt=\"\" \/><\/a>    <\/div>\r\n    <\/div>\r\n    <div class=\"layer-content element_1587187714568\"\r\n        id=\"\">\r\n        <div class=\"element element_1587187895341  title \">\r\n                    <a target=\"_blank\"\r\n                href=\"https:\/\/poesiaprosaecafecomigo.com\/index.php\/2019\/08\/24\/o-pino-do-relogio\/\">O Pino do Rel\u00f3gio<\/a>\r\n            <\/div>\r\n    <div class=\"element element_1587187729822  excerpt \">\r\n        &nbsp; \u201cComo o pino central do rel\u00f3gio, est\u00e1vel e s\u00f3lido, faz girar compassadamente os ponteiros num ritmo equilibrado, assim as mulheres devem entender que cada                    <a target=\"_blank\"\r\n                href=\"https:\/\/poesiaprosaecafecomigo.com\/index.php\/2019\/08\/24\/o-pino-do-relogio\/\">Read more<\/a>\r\n            <\/div>\r\n    <\/div>\r\n    <\/div>\n  <\/div><div class=\"item item-493 skin flat odd 1 \">\n        <div class=\"layer-wrapper layout-578\">\n          <div class=\"layer-media element_1587187627902\"\r\n        id=\"\">\r\n        <div\r\n        class=\"element element_1587190790308  element-media \">\r\n        <a target=\"_self\" href=\"https:\/\/poesiaprosaecafecomigo.com\/index.php\/2019\/08\/11\/papis-alair\/\"><img loading=\"lazy\" decoding=\"async\" width=\"825\" height=\"464\" src=\"https:\/\/poesiaprosaecafecomigo.com\/wp-content\/uploads\/2019\/08\/papis_alair2-1024x576.jpg\" class=\"attachment-large size-large wp-post-image\" alt=\"\" \/><\/a>    <\/div>\r\n    <\/div>\r\n    <div class=\"layer-content element_1587187714568\"\r\n        id=\"\">\r\n        <div class=\"element element_1587187895341  title \">\r\n                    <a target=\"_blank\"\r\n                href=\"https:\/\/poesiaprosaecafecomigo.com\/index.php\/2019\/08\/11\/papis-alair\/\">Papis Alair<\/a>\r\n            <\/div>\r\n    <div class=\"element element_1587187729822  excerpt \">\r\n        \u00a0 De repente houve um sil\u00eancio, E aquela mulher viu-se s\u00f3. Sozinha com suas filhas. Tendo na garganta um n\u00f3. \u00a0 Apesar da dor profunda,                    <a target=\"_blank\"\r\n                href=\"https:\/\/poesiaprosaecafecomigo.com\/index.php\/2019\/08\/11\/papis-alair\/\">Read more<\/a>\r\n            <\/div>\r\n    <\/div>\r\n    <\/div>\n  <\/div><div class=\"item item-395 skin flat even 2 \">\n        <div class=\"layer-wrapper layout-578\">\n          <div class=\"layer-media element_1587187627902\"\r\n        id=\"\">\r\n        <div\r\n        class=\"element element_1587190790308  element-media \">\r\n        <a target=\"_self\" href=\"https:\/\/poesiaprosaecafecomigo.com\/index.php\/2019\/08\/08\/mulher-virtuosa-e-mulher-privilegiada\/\"><img loading=\"lazy\" decoding=\"async\" width=\"825\" height=\"464\" src=\"https:\/\/poesiaprosaecafecomigo.com\/wp-content\/uploads\/2019\/08\/vov\u00f3_capa-1024x576.jpg\" class=\"attachment-large size-large wp-post-image\" alt=\"\" \/><\/a>    <\/div>\r\n    <\/div>\r\n    <div class=\"layer-content element_1587187714568\"\r\n        id=\"\">\r\n        <div class=\"element element_1587187895341  title \">\r\n                    <a target=\"_blank\"\r\n                href=\"https:\/\/poesiaprosaecafecomigo.com\/index.php\/2019\/08\/08\/mulher-virtuosa-e-mulher-privilegiada\/\">Mulher Virtuosa e Mulher Privilegiada<\/a>\r\n            <\/div>\r\n    <div class=\"element element_1587187729822  excerpt \">\r\n        Escrita em 20\/07\/2016 - pelos 85 anos de minha m\u00e3e \u00a0\u00a0 Ningu\u00e9m como ela sabe sorrir!\u00a0 Nos momentos bons e nas adversidades!\u00a0 Ningu\u00e9m como ela                    <a target=\"_blank\"\r\n                href=\"https:\/\/poesiaprosaecafecomigo.com\/index.php\/2019\/08\/08\/mulher-virtuosa-e-mulher-privilegiada\/\">Read more<\/a>\r\n            <\/div>\r\n    <\/div>\r\n    <\/div>\n  <\/div><div class=\"item item-392 skin flat odd 3 \">\n        <div class=\"layer-wrapper layout-578\">\n          <div class=\"layer-media element_1587187627902\"\r\n        id=\"\">\r\n        <div\r\n        class=\"element element_1587190790308  element-media \">\r\n        <a target=\"_self\" href=\"https:\/\/poesiaprosaecafecomigo.com\/index.php\/2019\/08\/08\/vida\/\"><img loading=\"lazy\" decoding=\"async\" width=\"825\" height=\"464\" src=\"https:\/\/poesiaprosaecafecomigo.com\/wp-content\/uploads\/2019\/08\/vida-1024x576.jpg\" class=\"attachment-large size-large wp-post-image\" alt=\"\" \/><\/a>    <\/div>\r\n    <\/div>\r\n    <div class=\"layer-content element_1587187714568\"\r\n        id=\"\">\r\n        <div class=\"element element_1587187895341  title \">\r\n                    <a target=\"_blank\"\r\n                href=\"https:\/\/poesiaprosaecafecomigo.com\/index.php\/2019\/08\/08\/vida\/\">VIDA<\/a>\r\n            <\/div>\r\n    <div class=\"element element_1587187729822  excerpt \">\r\n        \u00a0 Ningu\u00e9m prometeu que seria f\u00e1cil Ningu\u00e9m prometeu que seria curto Mas a estrada \u00e9 longa\u2026muito longa N\u00e3o vemos depois das curvas, N\u00e3o vemos depois                    <a target=\"_blank\"\r\n                href=\"https:\/\/poesiaprosaecafecomigo.com\/index.php\/2019\/08\/08\/vida\/\">Read more<\/a>\r\n            <\/div>\r\n    <\/div>\r\n    <\/div>\n  <\/div><div class=\"item item-389 skin flat even 4 \">\n        <div class=\"layer-wrapper layout-578\">\n          <div class=\"layer-media element_1587187627902\"\r\n        id=\"\">\r\n        <div\r\n        class=\"element element_1587190790308  element-media \">\r\n        <a target=\"_self\" href=\"https:\/\/poesiaprosaecafecomigo.com\/index.php\/2019\/08\/08\/amizade\/\"><img loading=\"lazy\" decoding=\"async\" width=\"825\" height=\"464\" src=\"https:\/\/poesiaprosaecafecomigo.com\/wp-content\/uploads\/2019\/08\/amizade-1024x576.jpg\" class=\"attachment-large size-large wp-post-image\" alt=\"\" \/><\/a>    <\/div>\r\n    <\/div>\r\n    <div class=\"layer-content element_1587187714568\"\r\n        id=\"\">\r\n        <div class=\"element element_1587187895341  title \">\r\n                    <a target=\"_blank\"\r\n                href=\"https:\/\/poesiaprosaecafecomigo.com\/index.php\/2019\/08\/08\/amizade\/\">AMIZADE!<\/a>\r\n            <\/div>\r\n    <div class=\"element element_1587187729822  excerpt \">\r\n        \u00a0 Amigo \u00e9 o favor\u00e1vel, confidente e querido. Sorri o nosso sorriso, festeja a nossa alegria, Feliz aquele que pode, algu\u00e9m chamar de \u201camigo\u201d. \u00a0                    <a target=\"_blank\"\r\n                href=\"https:\/\/poesiaprosaecafecomigo.com\/index.php\/2019\/08\/08\/amizade\/\">Read more<\/a>\r\n            <\/div>\r\n    <\/div>\r\n    <\/div>\n  <\/div><div class=\"item item-386 skin flat odd 5 \">\n        <div class=\"layer-wrapper layout-578\">\n          <div class=\"layer-media element_1587187627902\"\r\n        id=\"\">\r\n        <div\r\n        class=\"element element_1587190790308  element-media \">\r\n        <a target=\"_self\" href=\"https:\/\/poesiaprosaecafecomigo.com\/index.php\/2019\/08\/08\/dias-frios\/\"><img loading=\"lazy\" decoding=\"async\" width=\"825\" height=\"464\" src=\"https:\/\/poesiaprosaecafecomigo.com\/wp-content\/uploads\/2019\/08\/frio-1024x576.jpg\" class=\"attachment-large size-large wp-post-image\" alt=\"\" \/><\/a>    <\/div>\r\n    <\/div>\r\n    <div class=\"layer-content element_1587187714568\"\r\n        id=\"\">\r\n        <div class=\"element element_1587187895341  title \">\r\n                    <a target=\"_blank\"\r\n                href=\"https:\/\/poesiaprosaecafecomigo.com\/index.php\/2019\/08\/08\/dias-frios\/\">Dias Frios<\/a>\r\n            <\/div>\r\n    <div class=\"element element_1587187729822  excerpt \">\r\n        \u00a0 Gosto dos dias frios! As ruas ficam desertas\u2026 E ouvindo do vento o assovio Me encolho entre as cobertas! \u00a0 Dormir abra\u00e7adinha No doce                    <a target=\"_blank\"\r\n                href=\"https:\/\/poesiaprosaecafecomigo.com\/index.php\/2019\/08\/08\/dias-frios\/\">Read more<\/a>\r\n            <\/div>\r\n    <\/div>\r\n    <\/div>\n  <\/div>    <\/div>\n    <div class=\"pagination\">\n      <div class=\"paginate\">\n    <span aria-current=\"page\" class=\"page-numbers current\">1<\/span>\n<a class=\"page-numbers\" href=\"https:\/\/poesiaprosaecafecomigo.com\/index.php\/wp-json\/wp\/v2\/pages\/31\/page\/2\/\">2<\/a>\n<a class=\"next page-numbers\" href=\"https:\/\/poesiaprosaecafecomigo.com\/index.php\/wp-json\/wp\/v2\/pages\/31\/page\/2\/\">Next \u00bb<\/a>  <\/div>\n  <style type=\"text\/css\">\n    #post-grid-200 .pagination .page-numbers {\n      font-size: 16px;\n      color: #fff;\n      background: #71ddda;\n    }\n\n    #post-grid-200 .pagination .page-numbers:hover,\n    #post-grid-200 .pagination .page-numbers.current {\n      background: #b3e2dc;\n    }\n  <\/style>\n  <\/div>\n        <style type=\"text\/css\">\r\n            .layout-578 .element_1587187627902 {\r\n                            }\r\n\r\n                    <\/style>\r\n        <style type=\"text\/css\">\r\n        .layout-578 .element_1587190790308 {\r\n            overflow: hidden;\r\n                    }\r\n\r\n        .layout-578 .element_1587190790308 img {\r\n            max-width: 100%;\r\n            height: auto;\r\n        }\r\n\r\n        @media only screen and (min-width: 1024px) {\r\n            .layout-578 .element_1587190790308 {\r\n                height: auto;\r\n                            }\r\n        }\r\n\r\n        @media only screen and (min-width: 768px) and (max-width: 1023px) {\r\n            .layout-578 .element_1587190790308 {\r\n                            }\r\n        }\r\n\r\n        @media only screen and (min-width: 0px) and (max-width: 767px) {\r\n            .layout-578 .element_1587190790308 {\r\n                            }\r\n        }\r\n    <\/style>\r\n        <style type=\"text\/css\">\r\n            .layout-578 .element_1587187714568 {\r\n                margin: 10px;\r\n                            }\r\n\r\n                    <\/style>\r\n        <style type=\"text\/css\">\r\n        .layout-578 .element_1587187895341 {\r\n            font-size: 18px;\r\n            margin: 5px 0;\r\n            text-align: left;\r\n                    }\r\n\r\n        .layout-578 .element_1587187895341 a {\r\n            font-size: 18px;\r\n            margin: 5px 0;\r\n            text-align: left;\r\n                    }\r\n    <\/style>\r\n    <style type=\"text\/css\">\r\n        .layout-578 .element_1587187729822 {\r\n            font-size: 14px;\r\n            margin: 10px 0;\r\n            text-align: left;\r\n                    }\r\n\r\n        .layout-578 .element_1587187729822 a {\r\n            font-size: 14px;\r\n                    }\r\n    <\/style>\r\n        <style type=\"text\/css\">\n      .layout-578 a{text-decoration:none}.layout-578{overflow:hidden;position:relative;vertical-align:top}.layout-578:hover .layer-media{-webkit-transform:rotate(30deg);-ms-transform:rotate(30deg);transform:rotate(30deg);opacity:0}.layout-578 .layer-media{-webkit-transition:all 1s ease 0s;transition:all 1s ease 0s;left:0;top:0;width:100%}.layout-578:hover .layer-content{opacity:1}.layout-578 .layer-content{left:0;opacity:0;position:absolute;top:0;width:100%;-webkit-transition:all 1s ease 0s;transition:all 1s ease 0s}.layout-578 .layer-hover{display:none}    <\/style>\n    <script>\n          <\/script>\n    <style type=\"text\/css\">\n    #post-grid-200 {\n      padding: 10px;\n      background-color: #effffa;\n      background-image: url(https:\/\/poesiaprosaecafecomigo.com\/wp-content\/plugins\/post-grid\/assets\/admin\/bg\/dimension.png);\n          }\n\n    #post-grid-200 .item {\n      padding: 0px;\n      background: #fff;\n          }\n\n    #post-grid-200 .item .layer-media {\n      height:auto;    }\n\n    @media only screen and (min-width: 0px) and (max-width: 767px) {\n      #post-grid-200 .grid-items {\n        text-align: center;\n              }\n\n      #post-grid-200 .item {\n        width: 90%;\n        margin: 10px;\n        display: inline-block;\n        vertical-align: top;\n        height:220px;      }\n    }\n\n    @media only screen and (min-width: 768px) and (max-width: 1023px) {\n      #post-grid-200 .grid-items {\n        text-align: center;\n              }\n\n      #post-grid-200 .item {\n        width: 280px;\n        margin: 10px;\n        display: inline-block;\n        vertical-align: top;\n        height:220px;      }\n    }\n\n    @media only screen and (min-width: 1024px) {\n      #post-grid-200 .grid-items {\n        text-align: center;\n              }\n\n      #post-grid-200 .item {\n        width: 280px;\n        display: inline-block;\n        margin: 10px;\n        vertical-align: top;\n        height:220px;      }\n    }\n\n      <\/style>\n  <\/div>\n\n\n\n<hr \/>\n<h1 style=\"text-align: center;\">\u00a0<\/h1>","protected":false},"excerpt":{"rendered":"<p>Bem\u2026 Voc\u00ea est\u00e1 no meu cantinho de poesias! \u00c0s vezes uma coisa muito engra\u00e7ada acontece comigo, percebo que meus pensamentos sobre alguns assuntos assumem formato de ritmo e rima. \u00c9-me poss\u00edvel ouvir o \u201ccantado\u201d que as palavras assumem! Comecei a registr\u00e1-las e isso me delicia\u2026 Fique \u00e0 vontade com meus versinhos! E por conta da&hellip; <a href=\"https:\/\/poesiaprosaecafecomigo.com\/index.php\/2019\/08\/24\/o-pino-do-relogio\/\" class=\"more-link\">Continuar lendo <span class=\"screen-reader-text\">O Pino do Rel\u00f3gio<\/span><\/a><\/p>\n","protected":false},"author":1,"featured_media":260,"parent":0,"menu_order":0,"comment_status":"closed","ping_status":"open","template":"","meta":{"footnotes":""},"class_list":["post-31","page","type-page","status-publish","has-post-thumbnail","hentry","with-featured-image"],"yoast_head":"<!-- This site is optimized with the Yoast SEO plugin v24.9 - https:\/\/yoast.com\/wordpress\/plugins\/seo\/ -->\n<title>Poesias - Poesia, Prosa e Caf\u00e9 Comigo!<\/title>\n<meta name=\"robots\" content=\"index, follow, max-snippet:-1, max-image-preview:large, max-video-preview:-1\" \/>\n<link rel=\"canonical\" href=\"https:\/\/poesiaprosaecafecomigo.com\/index.php\/poesias\/\" \/>\n<meta property=\"og:locale\" content=\"pt_BR\" \/>\n<meta property=\"og:type\" content=\"article\" \/>\n<meta property=\"og:title\" content=\"Poesias - Poesia, Prosa e Caf\u00e9 Comigo!\" \/>\n<meta property=\"og:description\" content=\"Bem\u2026 Voc\u00ea est\u00e1 no meu cantinho de poesias! \u00c0s vezes uma coisa muito engra\u00e7ada acontece comigo, percebo que meus pensamentos sobre alguns assuntos assumem formato de ritmo e rima. \u00c9-me poss\u00edvel ouvir o \u201ccantado\u201d que as palavras assumem! Comecei a registr\u00e1-las e isso me delicia\u2026 Fique \u00e0 vontade com meus versinhos! E por conta da&hellip; Continuar lendo O Pino do Rel\u00f3gio\" \/>\n<meta property=\"og:url\" content=\"https:\/\/poesiaprosaecafecomigo.com\/index.php\/poesias\/\" \/>\n<meta property=\"og:site_name\" content=\"Poesia, Prosa e Caf\u00e9 Comigo!\" \/>\n<meta property=\"article:modified_time\" content=\"2019-08-10T20:00:58+00:00\" \/>\n<meta property=\"og:image\" content=\"https:\/\/poesiaprosaecafecomigo.com\/wp-content\/uploads\/2019\/08\/Dia-Nacional-da-Poesia-1.jpg\" \/>\n\t<meta property=\"og:image:width\" content=\"1280\" \/>\n\t<meta property=\"og:image:height\" content=\"720\" \/>\n\t<meta property=\"og:image:type\" content=\"image\/jpeg\" \/>\n<meta name=\"twitter:card\" content=\"summary_large_image\" \/>\n<script type=\"application\/ld+json\" class=\"yoast-schema-graph\">{\"@context\":\"https:\/\/schema.org\",\"@graph\":[{\"@type\":\"WebPage\",\"@id\":\"https:\/\/poesiaprosaecafecomigo.com\/index.php\/poesias\/\",\"url\":\"https:\/\/poesiaprosaecafecomigo.com\/index.php\/poesias\/\",\"name\":\"Poesias - Poesia, Prosa e Caf\u00e9 Comigo!\",\"isPartOf\":{\"@id\":\"https:\/\/poesiaprosaecafecomigo.com\/#website\"},\"primaryImageOfPage\":{\"@id\":\"https:\/\/poesiaprosaecafecomigo.com\/index.php\/poesias\/#primaryimage\"},\"image\":{\"@id\":\"https:\/\/poesiaprosaecafecomigo.com\/index.php\/poesias\/#primaryimage\"},\"thumbnailUrl\":\"https:\/\/poesiaprosaecafecomigo.com\/wp-content\/uploads\/2019\/08\/Dia-Nacional-da-Poesia-1.jpg\",\"datePublished\":\"2015-02-18T18:08:06+00:00\",\"dateModified\":\"2019-08-10T20:00:58+00:00\",\"breadcrumb\":{\"@id\":\"https:\/\/poesiaprosaecafecomigo.com\/index.php\/poesias\/#breadcrumb\"},\"inLanguage\":\"pt-BR\",\"potentialAction\":[{\"@type\":\"ReadAction\",\"target\":[\"https:\/\/poesiaprosaecafecomigo.com\/index.php\/poesias\/\"]}]},{\"@type\":\"ImageObject\",\"inLanguage\":\"pt-BR\",\"@id\":\"https:\/\/poesiaprosaecafecomigo.com\/index.php\/poesias\/#primaryimage\",\"url\":\"https:\/\/poesiaprosaecafecomigo.com\/wp-content\/uploads\/2019\/08\/Dia-Nacional-da-Poesia-1.jpg\",\"contentUrl\":\"https:\/\/poesiaprosaecafecomigo.com\/wp-content\/uploads\/2019\/08\/Dia-Nacional-da-Poesia-1.jpg\",\"width\":1280,\"height\":720},{\"@type\":\"BreadcrumbList\",\"@id\":\"https:\/\/poesiaprosaecafecomigo.com\/index.php\/poesias\/#breadcrumb\",\"itemListElement\":[{\"@type\":\"ListItem\",\"position\":1,\"name\":\"In\u00edcio\",\"item\":\"https:\/\/poesiaprosaecafecomigo.com\/\"},{\"@type\":\"ListItem\",\"position\":2,\"name\":\"Poesias\"}]},{\"@type\":\"WebSite\",\"@id\":\"https:\/\/poesiaprosaecafecomigo.com\/#website\",\"url\":\"https:\/\/poesiaprosaecafecomigo.com\/\",\"name\":\"Poesia, Prosa e Caf\u00e9 Comigo!\",\"description\":\"Um lugar de descanso da mente\",\"publisher\":{\"@id\":\"https:\/\/poesiaprosaecafecomigo.com\/#\/schema\/person\/f4dede983ec8b0bb237b78c44fdf6ffa\"},\"potentialAction\":[{\"@type\":\"SearchAction\",\"target\":{\"@type\":\"EntryPoint\",\"urlTemplate\":\"https:\/\/poesiaprosaecafecomigo.com\/?s={search_term_string}\"},\"query-input\":{\"@type\":\"PropertyValueSpecification\",\"valueRequired\":true,\"valueName\":\"search_term_string\"}}],\"inLanguage\":\"pt-BR\"},{\"@type\":[\"Person\",\"Organization\"],\"@id\":\"https:\/\/poesiaprosaecafecomigo.com\/#\/schema\/person\/f4dede983ec8b0bb237b78c44fdf6ffa\",\"name\":\"MartaSouza\",\"image\":{\"@type\":\"ImageObject\",\"inLanguage\":\"pt-BR\",\"@id\":\"https:\/\/poesiaprosaecafecomigo.com\/#\/schema\/person\/image\/\",\"url\":\"https:\/\/poesiaprosaecafecomigo.com\/wp-content\/uploads\/2019\/07\/cropped-poesia_prosa_logo-3.png\",\"contentUrl\":\"https:\/\/poesiaprosaecafecomigo.com\/wp-content\/uploads\/2019\/07\/cropped-poesia_prosa_logo-3.png\",\"width\":816,\"height\":643,\"caption\":\"MartaSouza\"},\"logo\":{\"@id\":\"https:\/\/poesiaprosaecafecomigo.com\/#\/schema\/person\/image\/\"}}]}<\/script>\n<!-- \/ Yoast SEO plugin. -->","yoast_head_json":{"title":"Poesias - Poesia, Prosa e Caf\u00e9 Comigo!","robots":{"index":"index","follow":"follow","max-snippet":"max-snippet:-1","max-image-preview":"max-image-preview:large","max-video-preview":"max-video-preview:-1"},"canonical":"https:\/\/poesiaprosaecafecomigo.com\/index.php\/poesias\/","og_locale":"pt_BR","og_type":"article","og_title":"Poesias - Poesia, Prosa e Caf\u00e9 Comigo!","og_description":"Bem\u2026 Voc\u00ea est\u00e1 no meu cantinho de poesias! \u00c0s vezes uma coisa muito engra\u00e7ada acontece comigo, percebo que meus pensamentos sobre alguns assuntos assumem formato de ritmo e rima. \u00c9-me poss\u00edvel ouvir o \u201ccantado\u201d que as palavras assumem! Comecei a registr\u00e1-las e isso me delicia\u2026 Fique \u00e0 vontade com meus versinhos! E por conta da&hellip; Continuar lendo O Pino do Rel\u00f3gio","og_url":"https:\/\/poesiaprosaecafecomigo.com\/index.php\/poesias\/","og_site_name":"Poesia, Prosa e Caf\u00e9 Comigo!","article_modified_time":"2019-08-10T20:00:58+00:00","og_image":[{"width":1280,"height":720,"url":"https:\/\/poesiaprosaecafecomigo.com\/wp-content\/uploads\/2019\/08\/Dia-Nacional-da-Poesia-1.jpg","type":"image\/jpeg"}],"twitter_card":"summary_large_image","schema":{"@context":"https:\/\/schema.org","@graph":[{"@type":"WebPage","@id":"https:\/\/poesiaprosaecafecomigo.com\/index.php\/poesias\/","url":"https:\/\/poesiaprosaecafecomigo.com\/index.php\/poesias\/","name":"Poesias - Poesia, Prosa e Caf\u00e9 Comigo!","isPartOf":{"@id":"https:\/\/poesiaprosaecafecomigo.com\/#website"},"primaryImageOfPage":{"@id":"https:\/\/poesiaprosaecafecomigo.com\/index.php\/poesias\/#primaryimage"},"image":{"@id":"https:\/\/poesiaprosaecafecomigo.com\/index.php\/poesias\/#primaryimage"},"thumbnailUrl":"https:\/\/poesiaprosaecafecomigo.com\/wp-content\/uploads\/2019\/08\/Dia-Nacional-da-Poesia-1.jpg","datePublished":"2015-02-18T18:08:06+00:00","dateModified":"2019-08-10T20:00:58+00:00","breadcrumb":{"@id":"https:\/\/poesiaprosaecafecomigo.com\/index.php\/poesias\/#breadcrumb"},"inLanguage":"pt-BR","potentialAction":[{"@type":"ReadAction","target":["https:\/\/poesiaprosaecafecomigo.com\/index.php\/poesias\/"]}]},{"@type":"ImageObject","inLanguage":"pt-BR","@id":"https:\/\/poesiaprosaecafecomigo.com\/index.php\/poesias\/#primaryimage","url":"https:\/\/poesiaprosaecafecomigo.com\/wp-content\/uploads\/2019\/08\/Dia-Nacional-da-Poesia-1.jpg","contentUrl":"https:\/\/poesiaprosaecafecomigo.com\/wp-content\/uploads\/2019\/08\/Dia-Nacional-da-Poesia-1.jpg","width":1280,"height":720},{"@type":"BreadcrumbList","@id":"https:\/\/poesiaprosaecafecomigo.com\/index.php\/poesias\/#breadcrumb","itemListElement":[{"@type":"ListItem","position":1,"name":"In\u00edcio","item":"https:\/\/poesiaprosaecafecomigo.com\/"},{"@type":"ListItem","position":2,"name":"Poesias"}]},{"@type":"WebSite","@id":"https:\/\/poesiaprosaecafecomigo.com\/#website","url":"https:\/\/poesiaprosaecafecomigo.com\/","name":"Poesia, Prosa e Caf\u00e9 Comigo!","description":"Um lugar de descanso da mente","publisher":{"@id":"https:\/\/poesiaprosaecafecomigo.com\/#\/schema\/person\/f4dede983ec8b0bb237b78c44fdf6ffa"},"potentialAction":[{"@type":"SearchAction","target":{"@type":"EntryPoint","urlTemplate":"https:\/\/poesiaprosaecafecomigo.com\/?s={search_term_string}"},"query-input":{"@type":"PropertyValueSpecification","valueRequired":true,"valueName":"search_term_string"}}],"inLanguage":"pt-BR"},{"@type":["Person","Organization"],"@id":"https:\/\/poesiaprosaecafecomigo.com\/#\/schema\/person\/f4dede983ec8b0bb237b78c44fdf6ffa","name":"MartaSouza","image":{"@type":"ImageObject","inLanguage":"pt-BR","@id":"https:\/\/poesiaprosaecafecomigo.com\/#\/schema\/person\/image\/","url":"https:\/\/poesiaprosaecafecomigo.com\/wp-content\/uploads\/2019\/07\/cropped-poesia_prosa_logo-3.png","contentUrl":"https:\/\/poesiaprosaecafecomigo.com\/wp-content\/uploads\/2019\/07\/cropped-poesia_prosa_logo-3.png","width":816,"height":643,"caption":"MartaSouza"},"logo":{"@id":"https:\/\/poesiaprosaecafecomigo.com\/#\/schema\/person\/image\/"}}]}},"_links":{"self":[{"href":"https:\/\/poesiaprosaecafecomigo.com\/index.php\/wp-json\/wp\/v2\/pages\/31","targetHints":{"allow":["GET"]}}],"collection":[{"href":"https:\/\/poesiaprosaecafecomigo.com\/index.php\/wp-json\/wp\/v2\/pages"}],"about":[{"href":"https:\/\/poesiaprosaecafecomigo.com\/index.php\/wp-json\/wp\/v2\/types\/page"}],"author":[{"embeddable":true,"href":"https:\/\/poesiaprosaecafecomigo.com\/index.php\/wp-json\/wp\/v2\/users\/1"}],"replies":[{"embeddable":true,"href":"https:\/\/poesiaprosaecafecomigo.com\/index.php\/wp-json\/wp\/v2\/comments?post=31"}],"version-history":[{"count":12,"href":"https:\/\/poesiaprosaecafecomigo.com\/index.php\/wp-json\/wp\/v2\/pages\/31\/revisions"}],"predecessor-version":[{"id":429,"href":"https:\/\/poesiaprosaecafecomigo.com\/index.php\/wp-json\/wp\/v2\/pages\/31\/revisions\/429"}],"wp:featuredmedia":[{"embeddable":true,"href":"https:\/\/poesiaprosaecafecomigo.com\/index.php\/wp-json\/wp\/v2\/media\/260"}],"wp:attachment":[{"href":"https:\/\/poesiaprosaecafecomigo.com\/index.php\/wp-json\/wp\/v2\/media?parent=31"}],"curies":[{"name":"wp","href":"https:\/\/api.w.org\/{rel}","templated":true}]}}