{"id":39,"date":"2015-02-18T19:16:02","date_gmt":"2015-02-18T19:16:02","guid":{"rendered":"https:\/\/poesiaprosaecafecomigo.wordpress.com\/?page_id=39"},"modified":"2019-08-10T17:14:59","modified_gmt":"2019-08-10T20:14:59","slug":"cronicas","status":"publish","type":"page","link":"https:\/\/poesiaprosaecafecomigo.com\/index.php\/cronicas\/","title":{"rendered":"Cr\u00f4nicas"},"content":{"rendered":"\n<p class=\"has-drop-cap\"> Talvez seja ousado chamar de cr\u00f4nicas, mas por defini\u00e7\u00e3o, independentemente de serem longas ou curtas, n\u00e3o poderiam mesmo receber outro nome. <\/p>\n\n\n\n<p style=\"text-align: justify;\">Um exerc\u00edcio livre de compartilhar pensamentos sobre como vi e percebi, as v\u00e1rias situa\u00e7\u00f5es cotidianas, ou n\u00e3o\u2026<\/p>\n<p style=\"text-align: justify;\">A inten\u00e7\u00e3o \u00e9 principalmente registrar. Afinal, assim \u00e9 feita a hist\u00f3ria! Um fato importante hoje, pode n\u00e3o ter grande significado amanh\u00e3. Mas por que n\u00e3o deixar registrado?<\/p>\n<p style=\"text-align: justify;\">Devemos caminhar sem medo de olhar para tr\u00e1s, mas com o cora\u00e7\u00e3o grato pelo sustento e amparo de Deus, Pai Amoroso e Benigno, que n\u00e3o nos deixa s\u00f3s durante a jornada!<\/p>\n\n\n<p>\u00a0<\/p>\n<hr \/>\n      <div id=\"post-grid-lazy-213\" class=\"post-grid-lazy\"><img decoding=\"async\" alt=\"\" src=\"\" \/><\/div>\n    <script>\n      jQuery('#post-grid-lazy-213').ready(function($) {\n        $('#post-grid-lazy-213').fadeOut();\n        $('#post-grid-213   ').fadeIn();\n      })\n    <\/script>\n    <style type=\"text\/css\">\n      #post-grid-213 {\n        display: none;\n      }\n\n      .post-grid-lazy {\n        text-align: center;\n      }\n    <\/style>\n    <div data-options='{&quot;id&quot;:&quot;213&quot;,&quot;lazy_load&quot;:&quot;yes&quot;,&quot;masonry_enable&quot;:&quot;yes&quot;,&quot;view_type&quot;:&quot;grid&quot;}' id=\"post-grid-213\" class=\"post-grid grid\">\n    \n\n\n    <div class=\"grid-items\">\n      <div class=\"item item-598 skin flat even 0 \">\n        <div class=\"layer-wrapper layout-578\">\n          <div class=\"layer-media element_1587187627902\"\r\n        id=\"\">\r\n        <div\r\n        class=\"element element_1587190790308  element-media \">\r\n        <a target=\"_self\" href=\"https:\/\/poesiaprosaecafecomigo.com\/index.php\/2023\/01\/04\/olinda-de-souza\/\"><img loading=\"lazy\" decoding=\"async\" width=\"825\" height=\"464\" src=\"https:\/\/poesiaprosaecafecomigo.com\/wp-content\/uploads\/2023\/01\/vovo-n-mom2-1024x576.jpg\" class=\"attachment-large size-large wp-post-image\" alt=\"\" \/><\/a>    <\/div>\r\n    <\/div>\r\n    <div class=\"layer-content element_1587187714568\"\r\n        id=\"\">\r\n        <div class=\"element element_1587187895341  title \">\r\n                    <a target=\"_blank\"\r\n                href=\"https:\/\/poesiaprosaecafecomigo.com\/index.php\/2023\/01\/04\/olinda-de-souza\/\">OLINDA DE SOUZA<\/a>\r\n            <\/div>\r\n    <div class=\"element element_1587187729822  excerpt \">\r\n        Olinda de Souza, carinhosamente chamada por seu pai de Dude, apelido que contagiou sua m\u00e3e e irm\u00e3s, nasceu em Piracicaba, no dia 13 de junho                    <a target=\"_blank\"\r\n                href=\"https:\/\/poesiaprosaecafecomigo.com\/index.php\/2023\/01\/04\/olinda-de-souza\/\">Read more<\/a>\r\n            <\/div>\r\n    <\/div>\r\n    <\/div>\n  <\/div><div class=\"item item-510 skin flat odd 1 \">\n        <div class=\"layer-wrapper layout-578\">\n          <div class=\"layer-media element_1587187627902\"\r\n        id=\"\">\r\n        <div\r\n        class=\"element element_1587190790308  element-media \">\r\n        <a target=\"_self\" href=\"https:\/\/poesiaprosaecafecomigo.com\/index.php\/2019\/08\/24\/analogia-do-relogio-analogico\/\"><img loading=\"lazy\" decoding=\"async\" width=\"825\" height=\"464\" src=\"https:\/\/poesiaprosaecafecomigo.com\/wp-content\/uploads\/2019\/08\/mom_ponteiro-1024x576.jpg\" class=\"attachment-large size-large wp-post-image\" alt=\"\" \/><\/a>    <\/div>\r\n    <\/div>\r\n    <div class=\"layer-content element_1587187714568\"\r\n        id=\"\">\r\n        <div class=\"element element_1587187895341  title \">\r\n                    <a target=\"_blank\"\r\n                href=\"https:\/\/poesiaprosaecafecomigo.com\/index.php\/2019\/08\/24\/analogia-do-relogio-analogico\/\">Analogia do Rel\u00f3gio Anal\u00f3gico<\/a>\r\n            <\/div>\r\n    <div class=\"element element_1587187729822  excerpt \">\r\n        O rel\u00f3gio, a ferramenta universal para marcar o tempo e organizar a vida de seu possuidor, \u00e9 uma das mais antigas inven\u00e7\u00f5es humanas. Podemos encontr\u00e1-lo                    <a target=\"_blank\"\r\n                href=\"https:\/\/poesiaprosaecafecomigo.com\/index.php\/2019\/08\/24\/analogia-do-relogio-analogico\/\">Read more<\/a>\r\n            <\/div>\r\n    <\/div>\r\n    <\/div>\n  <\/div><div class=\"item item-487 skin flat even 2 \">\n        <div class=\"layer-wrapper layout-578\">\n          <div class=\"layer-media element_1587187627902\"\r\n        id=\"\">\r\n        <div\r\n        class=\"element element_1587190790308  element-media \">\r\n        <a target=\"_self\" href=\"https:\/\/poesiaprosaecafecomigo.com\/index.php\/2019\/08\/11\/agora-somos-maes\/\"><img loading=\"lazy\" decoding=\"async\" width=\"825\" height=\"464\" src=\"https:\/\/poesiaprosaecafecomigo.com\/wp-content\/uploads\/2019\/08\/agora_somos_maes2-1024x576.jpg\" class=\"attachment-large size-large wp-post-image\" alt=\"\" \/><\/a>    <\/div>\r\n    <\/div>\r\n    <div class=\"layer-content element_1587187714568\"\r\n        id=\"\">\r\n        <div class=\"element element_1587187895341  title \">\r\n                    <a target=\"_blank\"\r\n                href=\"https:\/\/poesiaprosaecafecomigo.com\/index.php\/2019\/08\/11\/agora-somos-maes\/\">Agora somos m\u00e3es<\/a>\r\n            <\/div>\r\n    <div class=\"element element_1587187729822  excerpt \">\r\n        Quando vai chegando o Dia das M\u00e3es...&nbsp; N\u00e3o vou entrar na velha e c\u00f4moda narrativa de que \u00e9 apenas mais uma data, ou que \u00e9                    <a target=\"_blank\"\r\n                href=\"https:\/\/poesiaprosaecafecomigo.com\/index.php\/2019\/08\/11\/agora-somos-maes\/\">Read more<\/a>\r\n            <\/div>\r\n    <\/div>\r\n    <\/div>\n  <\/div><div class=\"item item-295 skin flat odd 3 \">\n        <div class=\"layer-wrapper layout-578\">\n          <div class=\"layer-media element_1587187627902\"\r\n        id=\"\">\r\n        <div\r\n        class=\"element element_1587190790308  element-media \">\r\n        <a target=\"_self\" href=\"https:\/\/poesiaprosaecafecomigo.com\/index.php\/2019\/08\/08\/amizades\/\"><img loading=\"lazy\" decoding=\"async\" width=\"825\" height=\"464\" src=\"https:\/\/poesiaprosaecafecomigo.com\/wp-content\/uploads\/2019\/08\/friends-1024x576.jpg\" class=\"attachment-large size-large wp-post-image\" alt=\"\" \/><\/a>    <\/div>\r\n    <\/div>\r\n    <div class=\"layer-content element_1587187714568\"\r\n        id=\"\">\r\n        <div class=\"element element_1587187895341  title \">\r\n                    <a target=\"_blank\"\r\n                href=\"https:\/\/poesiaprosaecafecomigo.com\/index.php\/2019\/08\/08\/amizades\/\">Amizades<\/a>\r\n            <\/div>\r\n    <div class=\"element element_1587187729822  excerpt \">\r\n        Como surgem as amizades? \u2014 N\u00e3o sei! Como surgem as amizades? \u2014 N\u00e3o sei! Como sab\u00ea-las verdadeiras? \u2014 N\u00e3o sei\u2026 O eco responde: \u201cN\u00e3o h\u00e1                    <a target=\"_blank\"\r\n                href=\"https:\/\/poesiaprosaecafecomigo.com\/index.php\/2019\/08\/08\/amizades\/\">Read more<\/a>\r\n            <\/div>\r\n    <\/div>\r\n    <\/div>\n  <\/div><div class=\"item item-278 skin flat even 4 \">\n        <div class=\"layer-wrapper layout-578\">\n          <div class=\"layer-media element_1587187627902\"\r\n        id=\"\">\r\n        <div\r\n        class=\"element element_1587190790308  element-media \">\r\n        <a target=\"_self\" href=\"https:\/\/poesiaprosaecafecomigo.com\/index.php\/2019\/08\/08\/a-estrelinha-fujona\/\"><img loading=\"lazy\" decoding=\"async\" width=\"825\" height=\"464\" src=\"https:\/\/poesiaprosaecafecomigo.com\/wp-content\/uploads\/2019\/08\/star-1024x576.png\" class=\"attachment-large size-large wp-post-image\" alt=\"\" \/><\/a>    <\/div>\r\n    <\/div>\r\n    <div class=\"layer-content element_1587187714568\"\r\n        id=\"\">\r\n        <div class=\"element element_1587187895341  title \">\r\n                    <a target=\"_blank\"\r\n                href=\"https:\/\/poesiaprosaecafecomigo.com\/index.php\/2019\/08\/08\/a-estrelinha-fujona\/\">A ESTRELINHA FUJONA<\/a>\r\n            <\/div>\r\n    <div class=\"element element_1587187729822  excerpt \">\r\n        - Um Conto de Natal - Aconteceu numa linda cidadezinha, pequena que mais lembrava uma vila. Ali todos se conheciam, e, como todo lugar onde                    <a target=\"_blank\"\r\n                href=\"https:\/\/poesiaprosaecafecomigo.com\/index.php\/2019\/08\/08\/a-estrelinha-fujona\/\">Read more<\/a>\r\n            <\/div>\r\n    <\/div>\r\n    <\/div>\n  <\/div><div class=\"item item-270 skin flat odd 5 \">\n        <div class=\"layer-wrapper layout-578\">\n          <div class=\"layer-media element_1587187627902\"\r\n        id=\"\">\r\n        <div\r\n        class=\"element element_1587190790308  element-media \">\r\n        <a target=\"_self\" href=\"https:\/\/poesiaprosaecafecomigo.com\/index.php\/2019\/08\/08\/a-arvore-de-natal-e-as-pessoas\/\"><img loading=\"lazy\" decoding=\"async\" width=\"825\" height=\"437\" src=\"https:\/\/poesiaprosaecafecomigo.com\/wp-content\/uploads\/2019\/08\/christmasphoto-1024x543.jpg\" class=\"attachment-large size-large wp-post-image\" alt=\"\" \/><\/a>    <\/div>\r\n    <\/div>\r\n    <div class=\"layer-content element_1587187714568\"\r\n        id=\"\">\r\n        <div class=\"element element_1587187895341  title \">\r\n                    <a target=\"_blank\"\r\n                href=\"https:\/\/poesiaprosaecafecomigo.com\/index.php\/2019\/08\/08\/a-arvore-de-natal-e-as-pessoas\/\">A \u00c1rvore de Natal e As Pessoas<\/a>\r\n            <\/div>\r\n    <div class=\"element element_1587187729822  excerpt \">\r\n        Chegou o dia da querida \u00e1rvore de Natal voltar para sua \u201ccasa\u201d, a caixa de papel\u00e3o. Acordo bem cedo e, enquanto a casa ainda est\u00e1                    <a target=\"_blank\"\r\n                href=\"https:\/\/poesiaprosaecafecomigo.com\/index.php\/2019\/08\/08\/a-arvore-de-natal-e-as-pessoas\/\">Read more<\/a>\r\n            <\/div>\r\n    <\/div>\r\n    <\/div>\n  <\/div>    <\/div>\n    <div class=\"pagination\">\n      <div class=\"paginate\">\n    <span aria-current=\"page\" class=\"page-numbers current\">1<\/span>\n<a class=\"page-numbers\" href=\"https:\/\/poesiaprosaecafecomigo.com\/index.php\/wp-json\/wp\/v2\/pages\/39\/page\/2\/\">2<\/a>\n<a class=\"next page-numbers\" href=\"https:\/\/poesiaprosaecafecomigo.com\/index.php\/wp-json\/wp\/v2\/pages\/39\/page\/2\/\">Next \u00bb<\/a>  <\/div>\n  <style type=\"text\/css\">\n    #post-grid-213 .pagination .page-numbers {\n      font-size: 16px;\n      color: #fff;\n      background: #71ddda;\n    }\n\n    #post-grid-213 .pagination .page-numbers:hover,\n    #post-grid-213 .pagination .page-numbers.current {\n      background: #b3e2dc;\n    }\n  <\/style>\n  <\/div>\n        <style type=\"text\/css\">\r\n            .layout-578 .element_1587187627902 {\r\n                            }\r\n\r\n                    <\/style>\r\n        <style type=\"text\/css\">\r\n        .layout-578 .element_1587190790308 {\r\n            overflow: hidden;\r\n                    }\r\n\r\n        .layout-578 .element_1587190790308 img {\r\n            max-width: 100%;\r\n            height: auto;\r\n        }\r\n\r\n        @media only screen and (min-width: 1024px) {\r\n            .layout-578 .element_1587190790308 {\r\n                height: auto;\r\n                            }\r\n        }\r\n\r\n        @media only screen and (min-width: 768px) and (max-width: 1023px) {\r\n            .layout-578 .element_1587190790308 {\r\n                            }\r\n        }\r\n\r\n        @media only screen and (min-width: 0px) and (max-width: 767px) {\r\n            .layout-578 .element_1587190790308 {\r\n                            }\r\n        }\r\n    <\/style>\r\n        <style type=\"text\/css\">\r\n            .layout-578 .element_1587187714568 {\r\n                margin: 10px;\r\n                            }\r\n\r\n                    <\/style>\r\n        <style type=\"text\/css\">\r\n        .layout-578 .element_1587187895341 {\r\n            font-size: 18px;\r\n            margin: 5px 0;\r\n            text-align: left;\r\n                    }\r\n\r\n        .layout-578 .element_1587187895341 a {\r\n            font-size: 18px;\r\n            margin: 5px 0;\r\n            text-align: left;\r\n                    }\r\n    <\/style>\r\n    <style type=\"text\/css\">\r\n        .layout-578 .element_1587187729822 {\r\n            font-size: 14px;\r\n            margin: 10px 0;\r\n            text-align: left;\r\n                    }\r\n\r\n        .layout-578 .element_1587187729822 a {\r\n            font-size: 14px;\r\n                    }\r\n    <\/style>\r\n        <style type=\"text\/css\">\n      .layout-578 a{text-decoration:none}.layout-578{overflow:hidden;position:relative;vertical-align:top}.layout-578:hover .layer-media{-webkit-transform:rotate(30deg);-ms-transform:rotate(30deg);transform:rotate(30deg);opacity:0}.layout-578 .layer-media{-webkit-transition:all 1s ease 0s;transition:all 1s ease 0s;left:0;top:0;width:100%}.layout-578:hover .layer-content{opacity:1}.layout-578 .layer-content{left:0;opacity:0;position:absolute;top:0;width:100%;-webkit-transition:all 1s ease 0s;transition:all 1s ease 0s}.layout-578 .layer-hover{display:none}    <\/style>\n    <script>\n          <\/script>\n    <style type=\"text\/css\">\n    #post-grid-213 {\n      padding: 10px;\n      background-color: #ffc6c6;\n      background-image: url(https:\/\/poesiaprosaecafecomigo.com\/wp-content\/plugins\/post-grid\/assets\/admin\/bg\/dimension.png);\n          }\n\n    #post-grid-213 .item {\n      padding: 0px;\n      background: #ffffff;\n          }\n\n    #post-grid-213 .item .layer-media {\n      height:auto;    }\n\n    @media only screen and (min-width: 0px) and (max-width: 767px) {\n      #post-grid-213 .grid-items {\n        text-align: center;\n              }\n\n      #post-grid-213 .item {\n        width: 90%;\n        margin: 10px;\n        display: inline-block;\n        vertical-align: top;\n        height:220px;      }\n    }\n\n    @media only screen and (min-width: 768px) and (max-width: 1023px) {\n      #post-grid-213 .grid-items {\n        text-align: center;\n              }\n\n      #post-grid-213 .item {\n        width: 280px;\n        margin: 10px;\n        display: inline-block;\n        vertical-align: top;\n        height:220px;      }\n    }\n\n    @media only screen and (min-width: 1024px) {\n      #post-grid-213 .grid-items {\n        text-align: center;\n              }\n\n      #post-grid-213 .item {\n        width: 280px;\n        display: inline-block;\n        margin: 10px;\n        vertical-align: top;\n        height:220px;      }\n    }\n\n      <\/style>\n  <\/div>\n","protected":false},"excerpt":{"rendered":"<p>Talvez seja ousado chamar de cr\u00f4nicas, mas por defini\u00e7\u00e3o, independentemente de serem longas ou curtas, n\u00e3o poderiam mesmo receber outro nome. Um exerc\u00edcio livre de compartilhar pensamentos sobre como vi e percebi, as v\u00e1rias situa\u00e7\u00f5es cotidianas, ou n\u00e3o\u2026 A inten\u00e7\u00e3o \u00e9 principalmente registrar. Afinal, assim \u00e9 feita a hist\u00f3ria! Um fato importante hoje, pode n\u00e3o&hellip; <a href=\"https:\/\/poesiaprosaecafecomigo.com\/index.php\/2023\/01\/04\/olinda-de-souza\/\" class=\"more-link\">Continuar lendo <span class=\"screen-reader-text\">OLINDA DE SOUZA<\/span><\/a><\/p>\n","protected":false},"author":1,"featured_media":257,"parent":0,"menu_order":0,"comment_status":"closed","ping_status":"open","template":"","meta":{"footnotes":""},"class_list":["post-39","page","type-page","status-publish","has-post-thumbnail","hentry","with-featured-image"],"yoast_head":"<!-- This site is optimized with the Yoast SEO plugin v24.9 - https:\/\/yoast.com\/wordpress\/plugins\/seo\/ -->\n<title>Cr\u00f4nicas - Poesia, Prosa e Caf\u00e9 Comigo!<\/title>\n<meta name=\"robots\" content=\"index, follow, max-snippet:-1, max-image-preview:large, max-video-preview:-1\" \/>\n<link rel=\"canonical\" href=\"https:\/\/poesiaprosaecafecomigo.com\/index.php\/cronicas\/\" \/>\n<meta property=\"og:locale\" content=\"pt_BR\" \/>\n<meta property=\"og:type\" content=\"article\" \/>\n<meta property=\"og:title\" content=\"Cr\u00f4nicas - Poesia, Prosa e Caf\u00e9 Comigo!\" \/>\n<meta property=\"og:description\" content=\"Talvez seja ousado chamar de cr\u00f4nicas, mas por defini\u00e7\u00e3o, independentemente de serem longas ou curtas, n\u00e3o poderiam mesmo receber outro nome. Um exerc\u00edcio livre de compartilhar pensamentos sobre como vi e percebi, as v\u00e1rias situa\u00e7\u00f5es cotidianas, ou n\u00e3o\u2026 A inten\u00e7\u00e3o \u00e9 principalmente registrar. Afinal, assim \u00e9 feita a hist\u00f3ria! Um fato importante hoje, pode n\u00e3o&hellip; Continuar lendo OLINDA DE SOUZA\" \/>\n<meta property=\"og:url\" content=\"https:\/\/poesiaprosaecafecomigo.com\/index.php\/cronicas\/\" \/>\n<meta property=\"og:site_name\" content=\"Poesia, Prosa e Caf\u00e9 Comigo!\" \/>\n<meta property=\"article:modified_time\" content=\"2019-08-10T20:14:59+00:00\" \/>\n<meta property=\"og:image\" content=\"https:\/\/poesiaprosaecafecomigo.com\/wp-content\/uploads\/2019\/08\/kompass.jpg\" \/>\n\t<meta property=\"og:image:width\" content=\"1280\" \/>\n\t<meta property=\"og:image:height\" content=\"853\" \/>\n\t<meta property=\"og:image:type\" content=\"image\/jpeg\" \/>\n<meta name=\"twitter:card\" content=\"summary_large_image\" \/>\n<meta name=\"twitter:label1\" content=\"Est. tempo de leitura\" \/>\n\t<meta name=\"twitter:data1\" content=\"1 minuto\" \/>\n<script type=\"application\/ld+json\" class=\"yoast-schema-graph\">{\"@context\":\"https:\/\/schema.org\",\"@graph\":[{\"@type\":\"WebPage\",\"@id\":\"https:\/\/poesiaprosaecafecomigo.com\/index.php\/cronicas\/\",\"url\":\"https:\/\/poesiaprosaecafecomigo.com\/index.php\/cronicas\/\",\"name\":\"Cr\u00f4nicas - Poesia, Prosa e Caf\u00e9 Comigo!\",\"isPartOf\":{\"@id\":\"https:\/\/poesiaprosaecafecomigo.com\/#website\"},\"primaryImageOfPage\":{\"@id\":\"https:\/\/poesiaprosaecafecomigo.com\/index.php\/cronicas\/#primaryimage\"},\"image\":{\"@id\":\"https:\/\/poesiaprosaecafecomigo.com\/index.php\/cronicas\/#primaryimage\"},\"thumbnailUrl\":\"https:\/\/poesiaprosaecafecomigo.com\/wp-content\/uploads\/2019\/08\/kompass.jpg\",\"datePublished\":\"2015-02-18T19:16:02+00:00\",\"dateModified\":\"2019-08-10T20:14:59+00:00\",\"breadcrumb\":{\"@id\":\"https:\/\/poesiaprosaecafecomigo.com\/index.php\/cronicas\/#breadcrumb\"},\"inLanguage\":\"pt-BR\",\"potentialAction\":[{\"@type\":\"ReadAction\",\"target\":[\"https:\/\/poesiaprosaecafecomigo.com\/index.php\/cronicas\/\"]}]},{\"@type\":\"ImageObject\",\"inLanguage\":\"pt-BR\",\"@id\":\"https:\/\/poesiaprosaecafecomigo.com\/index.php\/cronicas\/#primaryimage\",\"url\":\"https:\/\/poesiaprosaecafecomigo.com\/wp-content\/uploads\/2019\/08\/kompass.jpg\",\"contentUrl\":\"https:\/\/poesiaprosaecafecomigo.com\/wp-content\/uploads\/2019\/08\/kompass.jpg\",\"width\":1280,\"height\":853,\"caption\":\"Cr\u00f4nicas\"},{\"@type\":\"BreadcrumbList\",\"@id\":\"https:\/\/poesiaprosaecafecomigo.com\/index.php\/cronicas\/#breadcrumb\",\"itemListElement\":[{\"@type\":\"ListItem\",\"position\":1,\"name\":\"In\u00edcio\",\"item\":\"https:\/\/poesiaprosaecafecomigo.com\/\"},{\"@type\":\"ListItem\",\"position\":2,\"name\":\"Cr\u00f4nicas\"}]},{\"@type\":\"WebSite\",\"@id\":\"https:\/\/poesiaprosaecafecomigo.com\/#website\",\"url\":\"https:\/\/poesiaprosaecafecomigo.com\/\",\"name\":\"Poesia, Prosa e Caf\u00e9 Comigo!\",\"description\":\"Um lugar de descanso da mente\",\"publisher\":{\"@id\":\"https:\/\/poesiaprosaecafecomigo.com\/#\/schema\/person\/f4dede983ec8b0bb237b78c44fdf6ffa\"},\"potentialAction\":[{\"@type\":\"SearchAction\",\"target\":{\"@type\":\"EntryPoint\",\"urlTemplate\":\"https:\/\/poesiaprosaecafecomigo.com\/?s={search_term_string}\"},\"query-input\":{\"@type\":\"PropertyValueSpecification\",\"valueRequired\":true,\"valueName\":\"search_term_string\"}}],\"inLanguage\":\"pt-BR\"},{\"@type\":[\"Person\",\"Organization\"],\"@id\":\"https:\/\/poesiaprosaecafecomigo.com\/#\/schema\/person\/f4dede983ec8b0bb237b78c44fdf6ffa\",\"name\":\"MartaSouza\",\"image\":{\"@type\":\"ImageObject\",\"inLanguage\":\"pt-BR\",\"@id\":\"https:\/\/poesiaprosaecafecomigo.com\/#\/schema\/person\/image\/\",\"url\":\"https:\/\/poesiaprosaecafecomigo.com\/wp-content\/uploads\/2019\/07\/cropped-poesia_prosa_logo-3.png\",\"contentUrl\":\"https:\/\/poesiaprosaecafecomigo.com\/wp-content\/uploads\/2019\/07\/cropped-poesia_prosa_logo-3.png\",\"width\":816,\"height\":643,\"caption\":\"MartaSouza\"},\"logo\":{\"@id\":\"https:\/\/poesiaprosaecafecomigo.com\/#\/schema\/person\/image\/\"}}]}<\/script>\n<!-- \/ Yoast SEO plugin. -->","yoast_head_json":{"title":"Cr\u00f4nicas - Poesia, Prosa e Caf\u00e9 Comigo!","robots":{"index":"index","follow":"follow","max-snippet":"max-snippet:-1","max-image-preview":"max-image-preview:large","max-video-preview":"max-video-preview:-1"},"canonical":"https:\/\/poesiaprosaecafecomigo.com\/index.php\/cronicas\/","og_locale":"pt_BR","og_type":"article","og_title":"Cr\u00f4nicas - Poesia, Prosa e Caf\u00e9 Comigo!","og_description":"Talvez seja ousado chamar de cr\u00f4nicas, mas por defini\u00e7\u00e3o, independentemente de serem longas ou curtas, n\u00e3o poderiam mesmo receber outro nome. Um exerc\u00edcio livre de compartilhar pensamentos sobre como vi e percebi, as v\u00e1rias situa\u00e7\u00f5es cotidianas, ou n\u00e3o\u2026 A inten\u00e7\u00e3o \u00e9 principalmente registrar. Afinal, assim \u00e9 feita a hist\u00f3ria! Um fato importante hoje, pode n\u00e3o&hellip; Continuar lendo OLINDA DE SOUZA","og_url":"https:\/\/poesiaprosaecafecomigo.com\/index.php\/cronicas\/","og_site_name":"Poesia, Prosa e Caf\u00e9 Comigo!","article_modified_time":"2019-08-10T20:14:59+00:00","og_image":[{"width":1280,"height":853,"url":"https:\/\/poesiaprosaecafecomigo.com\/wp-content\/uploads\/2019\/08\/kompass.jpg","type":"image\/jpeg"}],"twitter_card":"summary_large_image","twitter_misc":{"Est. tempo de leitura":"1 minuto"},"schema":{"@context":"https:\/\/schema.org","@graph":[{"@type":"WebPage","@id":"https:\/\/poesiaprosaecafecomigo.com\/index.php\/cronicas\/","url":"https:\/\/poesiaprosaecafecomigo.com\/index.php\/cronicas\/","name":"Cr\u00f4nicas - Poesia, Prosa e Caf\u00e9 Comigo!","isPartOf":{"@id":"https:\/\/poesiaprosaecafecomigo.com\/#website"},"primaryImageOfPage":{"@id":"https:\/\/poesiaprosaecafecomigo.com\/index.php\/cronicas\/#primaryimage"},"image":{"@id":"https:\/\/poesiaprosaecafecomigo.com\/index.php\/cronicas\/#primaryimage"},"thumbnailUrl":"https:\/\/poesiaprosaecafecomigo.com\/wp-content\/uploads\/2019\/08\/kompass.jpg","datePublished":"2015-02-18T19:16:02+00:00","dateModified":"2019-08-10T20:14:59+00:00","breadcrumb":{"@id":"https:\/\/poesiaprosaecafecomigo.com\/index.php\/cronicas\/#breadcrumb"},"inLanguage":"pt-BR","potentialAction":[{"@type":"ReadAction","target":["https:\/\/poesiaprosaecafecomigo.com\/index.php\/cronicas\/"]}]},{"@type":"ImageObject","inLanguage":"pt-BR","@id":"https:\/\/poesiaprosaecafecomigo.com\/index.php\/cronicas\/#primaryimage","url":"https:\/\/poesiaprosaecafecomigo.com\/wp-content\/uploads\/2019\/08\/kompass.jpg","contentUrl":"https:\/\/poesiaprosaecafecomigo.com\/wp-content\/uploads\/2019\/08\/kompass.jpg","width":1280,"height":853,"caption":"Cr\u00f4nicas"},{"@type":"BreadcrumbList","@id":"https:\/\/poesiaprosaecafecomigo.com\/index.php\/cronicas\/#breadcrumb","itemListElement":[{"@type":"ListItem","position":1,"name":"In\u00edcio","item":"https:\/\/poesiaprosaecafecomigo.com\/"},{"@type":"ListItem","position":2,"name":"Cr\u00f4nicas"}]},{"@type":"WebSite","@id":"https:\/\/poesiaprosaecafecomigo.com\/#website","url":"https:\/\/poesiaprosaecafecomigo.com\/","name":"Poesia, Prosa e Caf\u00e9 Comigo!","description":"Um lugar de descanso da mente","publisher":{"@id":"https:\/\/poesiaprosaecafecomigo.com\/#\/schema\/person\/f4dede983ec8b0bb237b78c44fdf6ffa"},"potentialAction":[{"@type":"SearchAction","target":{"@type":"EntryPoint","urlTemplate":"https:\/\/poesiaprosaecafecomigo.com\/?s={search_term_string}"},"query-input":{"@type":"PropertyValueSpecification","valueRequired":true,"valueName":"search_term_string"}}],"inLanguage":"pt-BR"},{"@type":["Person","Organization"],"@id":"https:\/\/poesiaprosaecafecomigo.com\/#\/schema\/person\/f4dede983ec8b0bb237b78c44fdf6ffa","name":"MartaSouza","image":{"@type":"ImageObject","inLanguage":"pt-BR","@id":"https:\/\/poesiaprosaecafecomigo.com\/#\/schema\/person\/image\/","url":"https:\/\/poesiaprosaecafecomigo.com\/wp-content\/uploads\/2019\/07\/cropped-poesia_prosa_logo-3.png","contentUrl":"https:\/\/poesiaprosaecafecomigo.com\/wp-content\/uploads\/2019\/07\/cropped-poesia_prosa_logo-3.png","width":816,"height":643,"caption":"MartaSouza"},"logo":{"@id":"https:\/\/poesiaprosaecafecomigo.com\/#\/schema\/person\/image\/"}}]}},"_links":{"self":[{"href":"https:\/\/poesiaprosaecafecomigo.com\/index.php\/wp-json\/wp\/v2\/pages\/39","targetHints":{"allow":["GET"]}}],"collection":[{"href":"https:\/\/poesiaprosaecafecomigo.com\/index.php\/wp-json\/wp\/v2\/pages"}],"about":[{"href":"https:\/\/poesiaprosaecafecomigo.com\/index.php\/wp-json\/wp\/v2\/types\/page"}],"author":[{"embeddable":true,"href":"https:\/\/poesiaprosaecafecomigo.com\/index.php\/wp-json\/wp\/v2\/users\/1"}],"replies":[{"embeddable":true,"href":"https:\/\/poesiaprosaecafecomigo.com\/index.php\/wp-json\/wp\/v2\/comments?post=39"}],"version-history":[{"count":6,"href":"https:\/\/poesiaprosaecafecomigo.com\/index.php\/wp-json\/wp\/v2\/pages\/39\/revisions"}],"predecessor-version":[{"id":445,"href":"https:\/\/poesiaprosaecafecomigo.com\/index.php\/wp-json\/wp\/v2\/pages\/39\/revisions\/445"}],"wp:featuredmedia":[{"embeddable":true,"href":"https:\/\/poesiaprosaecafecomigo.com\/index.php\/wp-json\/wp\/v2\/media\/257"}],"wp:attachment":[{"href":"https:\/\/poesiaprosaecafecomigo.com\/index.php\/wp-json\/wp\/v2\/media?parent=39"}],"curies":[{"name":"wp","href":"https:\/\/api.w.org\/{rel}","templated":true}]}}