{"id":86,"date":"2019-07-25T21:11:58","date_gmt":"2019-07-25T21:11:58","guid":{"rendered":"https:\/\/poesiaprosaecafecomigo.wordpress.com\/?page_id=86"},"modified":"2019-08-10T23:02:34","modified_gmt":"2019-08-11T02:02:34","slug":"licoes","status":"publish","type":"page","link":"https:\/\/poesiaprosaecafecomigo.com\/index.php\/licoes\/","title":{"rendered":"Li\u00e7\u00f5es"},"content":{"rendered":"\n<p style=\"text-align:justify\" class=\"has-drop-cap\">\n\nPela gra\u00e7a e miseric\u00f3rdia de Deus tive a oportunidade de compartilhar com alguns pais mensagens b\u00edblicas, que traziam esperan\u00e7a no trato e educa\u00e7\u00e3o de filhos, em tempos t\u00e3o conturbados.\n\n<\/p>\n\n\n\n<p style=\"text-align: justify;\">Vou compartilhar essas reflex\u00f5es, na esperan\u00e7a de que lancem alguma luz sobre situa\u00e7\u00f5es do cotidiano. Chamo essas reflex\u00f5es de \u201cLi\u00e7\u00f5es\u201d, porque antes de compartilhar com outros, elas primeiro ensinaram a mim.<\/p>\n<p style=\"text-align: justify;\">Algumas s\u00e3o sobre temas que v\u00e3o de encontro com as ordenan\u00e7as de Deus, contra o Santo Plano que Ele estabeleceu para n\u00f3s e o desejo ardente que Ele tem de ser o Tutor da nossa fam\u00edlia, de nossos filhos. Outras sobre a necessidade de vivermos uma vida santa, que inspire nossos entes queridos. Mas sobretudo, a busca da vontade de Deus para n\u00f3s e nossa fam\u00edlia!<\/p>\n<p style=\"text-align: justify;\">Porque a vontade de Deus \u00e9 Santa, Perfeita e Agrad\u00e1vel!\u00a0<\/p>\n<p>\u00a0<\/p>\n<hr \/>\n<p>\u00a0<\/p>\n<p>\u00a0<\/p>\n<p>\u00a0<\/p>\n      <div id=\"post-grid-lazy-332\" class=\"post-grid-lazy\"><img decoding=\"async\" alt=\"\" src=\"https:\/\/poesiaprosaecafecomigo.com\/wp-content\/uploads\/2019\/08\/livros.jpg\" \/><\/div>\n    <script>\n      jQuery('#post-grid-lazy-332').ready(function($) {\n        $('#post-grid-lazy-332').fadeOut();\n        $('#post-grid-332   ').fadeIn();\n      })\n    <\/script>\n    <style type=\"text\/css\">\n      #post-grid-332 {\n        display: none;\n      }\n\n      .post-grid-lazy {\n        text-align: center;\n      }\n    <\/style>\n    <div data-options='{&quot;id&quot;:&quot;332&quot;,&quot;lazy_load&quot;:&quot;yes&quot;,&quot;masonry_enable&quot;:&quot;no&quot;,&quot;view_type&quot;:&quot;grid&quot;}' id=\"post-grid-332\" class=\"post-grid grid\">\n    \n\n\n    <div class=\"grid-items\">\n      <div class=\"item item-299 skin flat even 0 \">\n        <div class=\"layer-wrapper layout-578\">\n          <div class=\"layer-media element_1587187627902\"\r\n        id=\"\">\r\n        <div\r\n        class=\"element element_1587190790308  element-media \">\r\n        <a target=\"_self\" href=\"https:\/\/poesiaprosaecafecomigo.com\/index.php\/2019\/08\/08\/a-pascoa-escondida\/\"><img loading=\"lazy\" decoding=\"async\" width=\"825\" height=\"464\" src=\"https:\/\/poesiaprosaecafecomigo.com\/wp-content\/uploads\/2019\/08\/jesus_glory-1024x576.jpg\" class=\"attachment-large size-large wp-post-image\" alt=\"\" \/><\/a>    <\/div>\r\n    <\/div>\r\n    <div class=\"layer-content element_1587187714568\"\r\n        id=\"\">\r\n        <div class=\"element element_1587187895341  title \">\r\n                    <a target=\"_blank\"\r\n                href=\"https:\/\/poesiaprosaecafecomigo.com\/index.php\/2019\/08\/08\/a-pascoa-escondida\/\">A P\u00c1SCOA ESCONDIDA<\/a>\r\n            <\/div>\r\n    <div class=\"element element_1587187729822  excerpt \">\r\n        Shalom! Eu me chamo Eliora, que significa \u201cDeus \u00e9 a minha Luz\u201d! Viajei de um lugar muito distante, no tempo e no espa\u00e7o... Ao chegar,                    <a target=\"_blank\"\r\n                href=\"https:\/\/poesiaprosaecafecomigo.com\/index.php\/2019\/08\/08\/a-pascoa-escondida\/\">Read more<\/a>\r\n            <\/div>\r\n    <\/div>\r\n    <\/div>\n  <\/div>    <\/div>\n    <div class=\"pagination\">\n      <div class=\"paginate\">\n      <\/div>\n  <style type=\"text\/css\">\n    #post-grid-332 .pagination .page-numbers {\n      font-size: 16px;\n      color: #fff;\n      background: #71ddda;\n    }\n\n    #post-grid-332 .pagination .page-numbers:hover,\n    #post-grid-332 .pagination .page-numbers.current {\n      background: #b3e2dc;\n    }\n  <\/style>\n  <\/div>\n        <style type=\"text\/css\">\r\n            .layout-578 .element_1587187627902 {\r\n                            }\r\n\r\n                    <\/style>\r\n        <style type=\"text\/css\">\r\n        .layout-578 .element_1587190790308 {\r\n            overflow: hidden;\r\n                    }\r\n\r\n        .layout-578 .element_1587190790308 img {\r\n            max-width: 100%;\r\n            height: auto;\r\n        }\r\n\r\n        @media only screen and (min-width: 1024px) {\r\n            .layout-578 .element_1587190790308 {\r\n                height: auto;\r\n                            }\r\n        }\r\n\r\n        @media only screen and (min-width: 768px) and (max-width: 1023px) {\r\n            .layout-578 .element_1587190790308 {\r\n                            }\r\n        }\r\n\r\n        @media only screen and (min-width: 0px) and (max-width: 767px) {\r\n            .layout-578 .element_1587190790308 {\r\n                            }\r\n        }\r\n    <\/style>\r\n        <style type=\"text\/css\">\r\n            .layout-578 .element_1587187714568 {\r\n                margin: 10px;\r\n                            }\r\n\r\n                    <\/style>\r\n        <style type=\"text\/css\">\r\n        .layout-578 .element_1587187895341 {\r\n            font-size: 18px;\r\n            margin: 5px 0;\r\n            text-align: left;\r\n                    }\r\n\r\n        .layout-578 .element_1587187895341 a {\r\n            font-size: 18px;\r\n            margin: 5px 0;\r\n            text-align: left;\r\n                    }\r\n    <\/style>\r\n    <style type=\"text\/css\">\r\n        .layout-578 .element_1587187729822 {\r\n            font-size: 14px;\r\n            margin: 10px 0;\r\n            text-align: left;\r\n                    }\r\n\r\n        .layout-578 .element_1587187729822 a {\r\n            font-size: 14px;\r\n                    }\r\n    <\/style>\r\n        <style type=\"text\/css\">\n      .layout-578 a{text-decoration:none}.layout-578{overflow:hidden;position:relative;vertical-align:top}.layout-578:hover .layer-media{-webkit-transform:rotate(30deg);-ms-transform:rotate(30deg);transform:rotate(30deg);opacity:0}.layout-578 .layer-media{-webkit-transition:all 1s ease 0s;transition:all 1s ease 0s;left:0;top:0;width:100%}.layout-578:hover .layer-content{opacity:1}.layout-578 .layer-content{left:0;opacity:0;position:absolute;top:0;width:100%;-webkit-transition:all 1s ease 0s;transition:all 1s ease 0s}.layout-578 .layer-hover{display:none}    <\/style>\n    <script>\n          <\/script>\n    <style type=\"text\/css\">\n    #post-grid-332 {\n      padding: 10px;\n      background-color: #d8faff;\n      background-image: url(https:\/\/poesiaprosaecafecomigo.com\/wp-content\/plugins\/post-grid\/assets\/admin\/bg\/dimension.png);\n          }\n\n    #post-grid-332 .item {\n      padding: 0px;\n      background: #fff;\n          }\n\n    #post-grid-332 .item .layer-media {\n      height:auto;    }\n\n    @media only screen and (min-width: 0px) and (max-width: 767px) {\n      #post-grid-332 .grid-items {\n        text-align: center;\n              }\n\n      #post-grid-332 .item {\n        width: 90%;\n        margin: 10px;\n        display: inline-block;\n        vertical-align: top;\n        height:220px;      }\n    }\n\n    @media only screen and (min-width: 768px) and (max-width: 1023px) {\n      #post-grid-332 .grid-items {\n        text-align: center;\n              }\n\n      #post-grid-332 .item {\n        width: 280px;\n        margin: 10px;\n        display: inline-block;\n        vertical-align: top;\n        height:220px;      }\n    }\n\n    @media only screen and (min-width: 1024px) {\n      #post-grid-332 .grid-items {\n        text-align: center;\n              }\n\n      #post-grid-332 .item {\n        width: 280px;\n        display: inline-block;\n        margin: 10px;\n        vertical-align: top;\n        height:220px;      }\n    }\n\n      <\/style>\n  <\/div>\n\n","protected":false},"excerpt":{"rendered":"<p>Pela gra\u00e7a e miseric\u00f3rdia de Deus tive a oportunidade de compartilhar com alguns pais mensagens b\u00edblicas, que traziam esperan\u00e7a no trato e educa\u00e7\u00e3o de filhos, em tempos t\u00e3o conturbados. Vou compartilhar essas reflex\u00f5es, na esperan\u00e7a de que lancem alguma luz sobre situa\u00e7\u00f5es do cotidiano. Chamo essas reflex\u00f5es de \u201cLi\u00e7\u00f5es\u201d, porque antes de compartilhar com outros,&hellip; <a href=\"https:\/\/poesiaprosaecafecomigo.com\/index.php\/2019\/08\/08\/a-pascoa-escondida\/\" class=\"more-link\">Continuar lendo <span class=\"screen-reader-text\">A P\u00c1SCOA ESCONDIDA<\/span><\/a><\/p>\n","protected":false},"author":1,"featured_media":246,"parent":0,"menu_order":0,"comment_status":"closed","ping_status":"closed","template":"","meta":{"footnotes":""},"class_list":["post-86","page","type-page","status-publish","has-post-thumbnail","hentry","with-featured-image"],"yoast_head":"<!-- This site is optimized with the Yoast SEO plugin v24.9 - https:\/\/yoast.com\/wordpress\/plugins\/seo\/ -->\n<title>Li\u00e7\u00f5es - Poesia, Prosa e Caf\u00e9 Comigo!<\/title>\n<meta name=\"robots\" content=\"index, follow, max-snippet:-1, max-image-preview:large, max-video-preview:-1\" \/>\n<link rel=\"canonical\" href=\"https:\/\/poesiaprosaecafecomigo.com\/index.php\/licoes\/\" \/>\n<meta property=\"og:locale\" content=\"pt_BR\" \/>\n<meta property=\"og:type\" content=\"article\" \/>\n<meta property=\"og:title\" content=\"Li\u00e7\u00f5es - Poesia, Prosa e Caf\u00e9 Comigo!\" \/>\n<meta property=\"og:description\" content=\"Pela gra\u00e7a e miseric\u00f3rdia de Deus tive a oportunidade de compartilhar com alguns pais mensagens b\u00edblicas, que traziam esperan\u00e7a no trato e educa\u00e7\u00e3o de filhos, em tempos t\u00e3o conturbados. Vou compartilhar essas reflex\u00f5es, na esperan\u00e7a de que lancem alguma luz sobre situa\u00e7\u00f5es do cotidiano. Chamo essas reflex\u00f5es de \u201cLi\u00e7\u00f5es\u201d, porque antes de compartilhar com outros,&hellip; Continuar lendo A P\u00c1SCOA ESCONDIDA\" \/>\n<meta property=\"og:url\" content=\"https:\/\/poesiaprosaecafecomigo.com\/index.php\/licoes\/\" \/>\n<meta property=\"og:site_name\" content=\"Poesia, Prosa e Caf\u00e9 Comigo!\" \/>\n<meta property=\"article:modified_time\" content=\"2019-08-11T02:02:34+00:00\" \/>\n<meta property=\"og:image\" content=\"https:\/\/poesiaprosaecafecomigo.com\/wp-content\/uploads\/2019\/08\/ocean.jpg\" \/>\n\t<meta property=\"og:image:width\" content=\"1920\" \/>\n\t<meta property=\"og:image:height\" content=\"1246\" \/>\n\t<meta property=\"og:image:type\" content=\"image\/jpeg\" \/>\n<meta name=\"twitter:card\" content=\"summary_large_image\" \/>\n<meta name=\"twitter:label1\" content=\"Est. tempo de leitura\" \/>\n\t<meta name=\"twitter:data1\" content=\"1 minuto\" \/>\n<script type=\"application\/ld+json\" class=\"yoast-schema-graph\">{\"@context\":\"https:\/\/schema.org\",\"@graph\":[{\"@type\":\"WebPage\",\"@id\":\"https:\/\/poesiaprosaecafecomigo.com\/index.php\/licoes\/\",\"url\":\"https:\/\/poesiaprosaecafecomigo.com\/index.php\/licoes\/\",\"name\":\"Li\u00e7\u00f5es - Poesia, Prosa e Caf\u00e9 Comigo!\",\"isPartOf\":{\"@id\":\"https:\/\/poesiaprosaecafecomigo.com\/#website\"},\"primaryImageOfPage\":{\"@id\":\"https:\/\/poesiaprosaecafecomigo.com\/index.php\/licoes\/#primaryimage\"},\"image\":{\"@id\":\"https:\/\/poesiaprosaecafecomigo.com\/index.php\/licoes\/#primaryimage\"},\"thumbnailUrl\":\"https:\/\/poesiaprosaecafecomigo.com\/wp-content\/uploads\/2019\/08\/ocean.jpg\",\"datePublished\":\"2019-07-25T21:11:58+00:00\",\"dateModified\":\"2019-08-11T02:02:34+00:00\",\"breadcrumb\":{\"@id\":\"https:\/\/poesiaprosaecafecomigo.com\/index.php\/licoes\/#breadcrumb\"},\"inLanguage\":\"pt-BR\",\"potentialAction\":[{\"@type\":\"ReadAction\",\"target\":[\"https:\/\/poesiaprosaecafecomigo.com\/index.php\/licoes\/\"]}]},{\"@type\":\"ImageObject\",\"inLanguage\":\"pt-BR\",\"@id\":\"https:\/\/poesiaprosaecafecomigo.com\/index.php\/licoes\/#primaryimage\",\"url\":\"https:\/\/poesiaprosaecafecomigo.com\/wp-content\/uploads\/2019\/08\/ocean.jpg\",\"contentUrl\":\"https:\/\/poesiaprosaecafecomigo.com\/wp-content\/uploads\/2019\/08\/ocean.jpg\",\"width\":1920,\"height\":1246},{\"@type\":\"BreadcrumbList\",\"@id\":\"https:\/\/poesiaprosaecafecomigo.com\/index.php\/licoes\/#breadcrumb\",\"itemListElement\":[{\"@type\":\"ListItem\",\"position\":1,\"name\":\"In\u00edcio\",\"item\":\"https:\/\/poesiaprosaecafecomigo.com\/\"},{\"@type\":\"ListItem\",\"position\":2,\"name\":\"Li\u00e7\u00f5es\"}]},{\"@type\":\"WebSite\",\"@id\":\"https:\/\/poesiaprosaecafecomigo.com\/#website\",\"url\":\"https:\/\/poesiaprosaecafecomigo.com\/\",\"name\":\"Poesia, Prosa e Caf\u00e9 Comigo!\",\"description\":\"Um lugar de descanso da mente\",\"publisher\":{\"@id\":\"https:\/\/poesiaprosaecafecomigo.com\/#\/schema\/person\/f4dede983ec8b0bb237b78c44fdf6ffa\"},\"potentialAction\":[{\"@type\":\"SearchAction\",\"target\":{\"@type\":\"EntryPoint\",\"urlTemplate\":\"https:\/\/poesiaprosaecafecomigo.com\/?s={search_term_string}\"},\"query-input\":{\"@type\":\"PropertyValueSpecification\",\"valueRequired\":true,\"valueName\":\"search_term_string\"}}],\"inLanguage\":\"pt-BR\"},{\"@type\":[\"Person\",\"Organization\"],\"@id\":\"https:\/\/poesiaprosaecafecomigo.com\/#\/schema\/person\/f4dede983ec8b0bb237b78c44fdf6ffa\",\"name\":\"MartaSouza\",\"image\":{\"@type\":\"ImageObject\",\"inLanguage\":\"pt-BR\",\"@id\":\"https:\/\/poesiaprosaecafecomigo.com\/#\/schema\/person\/image\/\",\"url\":\"https:\/\/poesiaprosaecafecomigo.com\/wp-content\/uploads\/2019\/07\/cropped-poesia_prosa_logo-3.png\",\"contentUrl\":\"https:\/\/poesiaprosaecafecomigo.com\/wp-content\/uploads\/2019\/07\/cropped-poesia_prosa_logo-3.png\",\"width\":816,\"height\":643,\"caption\":\"MartaSouza\"},\"logo\":{\"@id\":\"https:\/\/poesiaprosaecafecomigo.com\/#\/schema\/person\/image\/\"}}]}<\/script>\n<!-- \/ Yoast SEO plugin. -->","yoast_head_json":{"title":"Li\u00e7\u00f5es - Poesia, Prosa e Caf\u00e9 Comigo!","robots":{"index":"index","follow":"follow","max-snippet":"max-snippet:-1","max-image-preview":"max-image-preview:large","max-video-preview":"max-video-preview:-1"},"canonical":"https:\/\/poesiaprosaecafecomigo.com\/index.php\/licoes\/","og_locale":"pt_BR","og_type":"article","og_title":"Li\u00e7\u00f5es - Poesia, Prosa e Caf\u00e9 Comigo!","og_description":"Pela gra\u00e7a e miseric\u00f3rdia de Deus tive a oportunidade de compartilhar com alguns pais mensagens b\u00edblicas, que traziam esperan\u00e7a no trato e educa\u00e7\u00e3o de filhos, em tempos t\u00e3o conturbados. Vou compartilhar essas reflex\u00f5es, na esperan\u00e7a de que lancem alguma luz sobre situa\u00e7\u00f5es do cotidiano. Chamo essas reflex\u00f5es de \u201cLi\u00e7\u00f5es\u201d, porque antes de compartilhar com outros,&hellip; Continuar lendo A P\u00c1SCOA ESCONDIDA","og_url":"https:\/\/poesiaprosaecafecomigo.com\/index.php\/licoes\/","og_site_name":"Poesia, Prosa e Caf\u00e9 Comigo!","article_modified_time":"2019-08-11T02:02:34+00:00","og_image":[{"width":1920,"height":1246,"url":"https:\/\/poesiaprosaecafecomigo.com\/wp-content\/uploads\/2019\/08\/ocean.jpg","type":"image\/jpeg"}],"twitter_card":"summary_large_image","twitter_misc":{"Est. tempo de leitura":"1 minuto"},"schema":{"@context":"https:\/\/schema.org","@graph":[{"@type":"WebPage","@id":"https:\/\/poesiaprosaecafecomigo.com\/index.php\/licoes\/","url":"https:\/\/poesiaprosaecafecomigo.com\/index.php\/licoes\/","name":"Li\u00e7\u00f5es - Poesia, Prosa e Caf\u00e9 Comigo!","isPartOf":{"@id":"https:\/\/poesiaprosaecafecomigo.com\/#website"},"primaryImageOfPage":{"@id":"https:\/\/poesiaprosaecafecomigo.com\/index.php\/licoes\/#primaryimage"},"image":{"@id":"https:\/\/poesiaprosaecafecomigo.com\/index.php\/licoes\/#primaryimage"},"thumbnailUrl":"https:\/\/poesiaprosaecafecomigo.com\/wp-content\/uploads\/2019\/08\/ocean.jpg","datePublished":"2019-07-25T21:11:58+00:00","dateModified":"2019-08-11T02:02:34+00:00","breadcrumb":{"@id":"https:\/\/poesiaprosaecafecomigo.com\/index.php\/licoes\/#breadcrumb"},"inLanguage":"pt-BR","potentialAction":[{"@type":"ReadAction","target":["https:\/\/poesiaprosaecafecomigo.com\/index.php\/licoes\/"]}]},{"@type":"ImageObject","inLanguage":"pt-BR","@id":"https:\/\/poesiaprosaecafecomigo.com\/index.php\/licoes\/#primaryimage","url":"https:\/\/poesiaprosaecafecomigo.com\/wp-content\/uploads\/2019\/08\/ocean.jpg","contentUrl":"https:\/\/poesiaprosaecafecomigo.com\/wp-content\/uploads\/2019\/08\/ocean.jpg","width":1920,"height":1246},{"@type":"BreadcrumbList","@id":"https:\/\/poesiaprosaecafecomigo.com\/index.php\/licoes\/#breadcrumb","itemListElement":[{"@type":"ListItem","position":1,"name":"In\u00edcio","item":"https:\/\/poesiaprosaecafecomigo.com\/"},{"@type":"ListItem","position":2,"name":"Li\u00e7\u00f5es"}]},{"@type":"WebSite","@id":"https:\/\/poesiaprosaecafecomigo.com\/#website","url":"https:\/\/poesiaprosaecafecomigo.com\/","name":"Poesia, Prosa e Caf\u00e9 Comigo!","description":"Um lugar de descanso da mente","publisher":{"@id":"https:\/\/poesiaprosaecafecomigo.com\/#\/schema\/person\/f4dede983ec8b0bb237b78c44fdf6ffa"},"potentialAction":[{"@type":"SearchAction","target":{"@type":"EntryPoint","urlTemplate":"https:\/\/poesiaprosaecafecomigo.com\/?s={search_term_string}"},"query-input":{"@type":"PropertyValueSpecification","valueRequired":true,"valueName":"search_term_string"}}],"inLanguage":"pt-BR"},{"@type":["Person","Organization"],"@id":"https:\/\/poesiaprosaecafecomigo.com\/#\/schema\/person\/f4dede983ec8b0bb237b78c44fdf6ffa","name":"MartaSouza","image":{"@type":"ImageObject","inLanguage":"pt-BR","@id":"https:\/\/poesiaprosaecafecomigo.com\/#\/schema\/person\/image\/","url":"https:\/\/poesiaprosaecafecomigo.com\/wp-content\/uploads\/2019\/07\/cropped-poesia_prosa_logo-3.png","contentUrl":"https:\/\/poesiaprosaecafecomigo.com\/wp-content\/uploads\/2019\/07\/cropped-poesia_prosa_logo-3.png","width":816,"height":643,"caption":"MartaSouza"},"logo":{"@id":"https:\/\/poesiaprosaecafecomigo.com\/#\/schema\/person\/image\/"}}]}},"_links":{"self":[{"href":"https:\/\/poesiaprosaecafecomigo.com\/index.php\/wp-json\/wp\/v2\/pages\/86","targetHints":{"allow":["GET"]}}],"collection":[{"href":"https:\/\/poesiaprosaecafecomigo.com\/index.php\/wp-json\/wp\/v2\/pages"}],"about":[{"href":"https:\/\/poesiaprosaecafecomigo.com\/index.php\/wp-json\/wp\/v2\/types\/page"}],"author":[{"embeddable":true,"href":"https:\/\/poesiaprosaecafecomigo.com\/index.php\/wp-json\/wp\/v2\/users\/1"}],"replies":[{"embeddable":true,"href":"https:\/\/poesiaprosaecafecomigo.com\/index.php\/wp-json\/wp\/v2\/comments?post=86"}],"version-history":[{"count":5,"href":"https:\/\/poesiaprosaecafecomigo.com\/index.php\/wp-json\/wp\/v2\/pages\/86\/revisions"}],"predecessor-version":[{"id":477,"href":"https:\/\/poesiaprosaecafecomigo.com\/index.php\/wp-json\/wp\/v2\/pages\/86\/revisions\/477"}],"wp:featuredmedia":[{"embeddable":true,"href":"https:\/\/poesiaprosaecafecomigo.com\/index.php\/wp-json\/wp\/v2\/media\/246"}],"wp:attachment":[{"href":"https:\/\/poesiaprosaecafecomigo.com\/index.php\/wp-json\/wp\/v2\/media?parent=86"}],"curies":[{"name":"wp","href":"https:\/\/api.w.org\/{rel}","templated":true}]}}