{"id":92,"date":"2019-07-25T21:15:24","date_gmt":"2019-07-25T21:15:24","guid":{"rendered":"https:\/\/poesiaprosaecafecomigo.wordpress.com\/?page_id=92"},"modified":"2019-08-10T17:30:10","modified_gmt":"2019-08-10T20:30:10","slug":"livros","status":"publish","type":"page","link":"https:\/\/poesiaprosaecafecomigo.com\/index.php\/livros\/","title":{"rendered":"Livros"},"content":{"rendered":"\n<p class=\"has-drop-cap\"> Definitivamente a leitura \u00e9 muito mais que pegar um livro ao se deitar, para acelerar a chegada do sono. <\/p>\n\n\n\n<p style=\"text-align: justify;\">Leitura \u00e9 mais que buscar conhecimento, \u00e9 mais que acumular cultura.<\/p>\n<p style=\"text-align: justify;\">Ler \u00e9 viajar no tempo e espa\u00e7o, sem sair do lugar. \u00c9 sentir o cora\u00e7\u00e3o pulsar com for\u00e7a e emo\u00e7\u00f5es.<\/p>\n<p style=\"text-align: justify;\">Sendo assim, neste cantinho, vou compartilhar os bons livros que me educaram, que me trouxeram novidades, que me fizeram rir e chorar\u2026. Enfim, livros que desenvolveram a minha criatividade, imagina\u00e7\u00e3o e me ensinaram a lidar com a adversidade!<\/p>\n<p style=\"text-align: justify;\"><span style=\"font-size: inherit;\">Fica o convite\u2026 Embarque nas aventuras da literatura e envolva-se com as melhores viagens que s\u00f3 um bom livro pode proporcionar! <\/span><\/p>\n<p>\u00a0<\/p>\n<hr \/>\n<p>\u00a0<\/p>\n<p>\u00a0<\/p>\n<p>\u00a0<\/p>\n<p>\u00a0<\/p>\n      <div id=\"post-grid-lazy-331\" class=\"post-grid-lazy\"><img decoding=\"async\" alt=\"\" src=\"\" \/><\/div>\n    <script>\n      jQuery('#post-grid-lazy-331').ready(function($) {\n        $('#post-grid-lazy-331').fadeOut();\n        $('#post-grid-331   ').fadeIn();\n      })\n    <\/script>\n    <style type=\"text\/css\">\n      #post-grid-331 {\n        display: none;\n      }\n\n      .post-grid-lazy {\n        text-align: center;\n      }\n    <\/style>\n    <div data-options='{&quot;id&quot;:&quot;331&quot;,&quot;lazy_load&quot;:&quot;yes&quot;,&quot;masonry_enable&quot;:&quot;yes&quot;,&quot;view_type&quot;:&quot;grid&quot;}' id=\"post-grid-331\" class=\"post-grid grid\">\n    \n\n\n    <div class=\"grid-items\">\n      <div class=\"item item-499 skin flat even 0 \">\n        <div class=\"layer-wrapper layout-578\">\n          <div class=\"layer-media element_1587187627902\"\r\n        id=\"\">\r\n        <div\r\n        class=\"element element_1587190790308  element-media \">\r\n        <a target=\"_self\" href=\"https:\/\/poesiaprosaecafecomigo.com\/index.php\/2019\/08\/18\/pastoreando-o-coracao-da-crianca-tedd-tripp\/\"><img loading=\"lazy\" decoding=\"async\" width=\"825\" height=\"464\" src=\"https:\/\/poesiaprosaecafecomigo.com\/wp-content\/uploads\/2019\/08\/livro_pastoreando-1024x576.jpg\" class=\"attachment-large size-large wp-post-image\" alt=\"\" \/><\/a>    <\/div>\r\n    <\/div>\r\n    <div class=\"layer-content element_1587187714568\"\r\n        id=\"\">\r\n        <div class=\"element element_1587187895341  title \">\r\n                    <a target=\"_blank\"\r\n                href=\"https:\/\/poesiaprosaecafecomigo.com\/index.php\/2019\/08\/18\/pastoreando-o-coracao-da-crianca-tedd-tripp\/\">Pastoreando o Cora\u00e7\u00e3o da Crian\u00e7a \u2013 Tedd Tripp<\/a>\r\n            <\/div>\r\n    <div class=\"element element_1587187729822  excerpt \">\r\n        \u201cV\u00f3s, filhos, sede obedientes a vossos pais no Senhor, porque isto \u00e9 justo. Honra a teu pai e a tua m\u00e3e, que \u00e9 o primeiro                    <a target=\"_blank\"\r\n                href=\"https:\/\/poesiaprosaecafecomigo.com\/index.php\/2019\/08\/18\/pastoreando-o-coracao-da-crianca-tedd-tripp\/\">Read more<\/a>\r\n            <\/div>\r\n    <\/div>\r\n    <\/div>\n  <\/div>    <\/div>\n    <div class=\"pagination\">\n      <div class=\"paginate\">\n      <\/div>\n  <style type=\"text\/css\">\n    #post-grid-331 .pagination .page-numbers {\n      font-size: 16px;\n      color: #fff;\n      background: #71ddda;\n    }\n\n    #post-grid-331 .pagination .page-numbers:hover,\n    #post-grid-331 .pagination .page-numbers.current {\n      background: #b3e2dc;\n    }\n  <\/style>\n  <\/div>\n        <style type=\"text\/css\">\r\n            .layout-578 .element_1587187627902 {\r\n                            }\r\n\r\n                    <\/style>\r\n        <style type=\"text\/css\">\r\n        .layout-578 .element_1587190790308 {\r\n            overflow: hidden;\r\n                    }\r\n\r\n        .layout-578 .element_1587190790308 img {\r\n            max-width: 100%;\r\n            height: auto;\r\n        }\r\n\r\n        @media only screen and (min-width: 1024px) {\r\n            .layout-578 .element_1587190790308 {\r\n                height: auto;\r\n                            }\r\n        }\r\n\r\n        @media only screen and (min-width: 768px) and (max-width: 1023px) {\r\n            .layout-578 .element_1587190790308 {\r\n                            }\r\n        }\r\n\r\n        @media only screen and (min-width: 0px) and (max-width: 767px) {\r\n            .layout-578 .element_1587190790308 {\r\n                            }\r\n        }\r\n    <\/style>\r\n        <style type=\"text\/css\">\r\n            .layout-578 .element_1587187714568 {\r\n                margin: 10px;\r\n                            }\r\n\r\n                    <\/style>\r\n        <style type=\"text\/css\">\r\n        .layout-578 .element_1587187895341 {\r\n            font-size: 18px;\r\n            margin: 5px 0;\r\n            text-align: left;\r\n                    }\r\n\r\n        .layout-578 .element_1587187895341 a {\r\n            font-size: 18px;\r\n            margin: 5px 0;\r\n            text-align: left;\r\n                    }\r\n    <\/style>\r\n    <style type=\"text\/css\">\r\n        .layout-578 .element_1587187729822 {\r\n            font-size: 14px;\r\n            margin: 10px 0;\r\n            text-align: left;\r\n                    }\r\n\r\n        .layout-578 .element_1587187729822 a {\r\n            font-size: 14px;\r\n                    }\r\n    <\/style>\r\n        <style type=\"text\/css\">\n      .layout-578 a{text-decoration:none}.layout-578{overflow:hidden;position:relative;vertical-align:top}.layout-578:hover .layer-media{-webkit-transform:rotate(30deg);-ms-transform:rotate(30deg);transform:rotate(30deg);opacity:0}.layout-578 .layer-media{-webkit-transition:all 1s ease 0s;transition:all 1s ease 0s;left:0;top:0;width:100%}.layout-578:hover .layer-content{opacity:1}.layout-578 .layer-content{left:0;opacity:0;position:absolute;top:0;width:100%;-webkit-transition:all 1s ease 0s;transition:all 1s ease 0s}.layout-578 .layer-hover{display:none}    <\/style>\n    <script>\n          <\/script>\n    <style type=\"text\/css\">\n    #post-grid-331 {\n      padding: 10px;\n      background-image: url(https:\/\/poesiaprosaecafecomigo.com\/wp-content\/plugins\/post-grid\/assets\/admin\/bg\/dimension.png);\n          }\n\n    #post-grid-331 .item {\n      padding: 0px;\n      background: #fff;\n          }\n\n    #post-grid-331 .item .layer-media {\n      height:auto;    }\n\n    @media only screen and (min-width: 0px) and (max-width: 767px) {\n      #post-grid-331 .grid-items {\n        text-align: center;\n              }\n\n      #post-grid-331 .item {\n        width: 90%;\n        margin: 10px;\n        display: inline-block;\n        vertical-align: top;\n        height:auto;      }\n    }\n\n    @media only screen and (min-width: 768px) and (max-width: 1023px) {\n      #post-grid-331 .grid-items {\n        text-align: center;\n              }\n\n      #post-grid-331 .item {\n        width: 280px;\n        margin: 10px;\n        display: inline-block;\n        vertical-align: top;\n        max-height:auto;      }\n    }\n\n    @media only screen and (min-width: 1024px) {\n      #post-grid-331 .grid-items {\n        text-align: center;\n              }\n\n      #post-grid-331 .item {\n        width: 280px;\n        display: inline-block;\n        margin: 10px;\n        vertical-align: top;\n        height:auto;      }\n    }\n\n      <\/style>\n  <\/div>\n\n","protected":false},"excerpt":{"rendered":"<p>Definitivamente a leitura \u00e9 muito mais que pegar um livro ao se deitar, para acelerar a chegada do sono. Leitura \u00e9 mais que buscar conhecimento, \u00e9 mais que acumular cultura. Ler \u00e9 viajar no tempo e espa\u00e7o, sem sair do lugar. \u00c9 sentir o cora\u00e7\u00e3o pulsar com for\u00e7a e emo\u00e7\u00f5es. Sendo assim, neste cantinho, vou&hellip; <a href=\"https:\/\/poesiaprosaecafecomigo.com\/index.php\/2019\/08\/18\/pastoreando-o-coracao-da-crianca-tedd-tripp\/\" class=\"more-link\">Continuar lendo <span class=\"screen-reader-text\">Pastoreando o Cora\u00e7\u00e3o da Crian\u00e7a \u2013 Tedd Tripp<\/span><\/a><\/p>\n","protected":false},"author":1,"featured_media":279,"parent":0,"menu_order":0,"comment_status":"closed","ping_status":"closed","template":"","meta":{"footnotes":""},"class_list":["post-92","page","type-page","status-publish","has-post-thumbnail","hentry","with-featured-image"],"yoast_head":"<!-- This site is optimized with the Yoast SEO plugin v24.9 - https:\/\/yoast.com\/wordpress\/plugins\/seo\/ -->\n<title>Livros - Poesia, Prosa e Caf\u00e9 Comigo!<\/title>\n<meta name=\"robots\" content=\"index, follow, max-snippet:-1, max-image-preview:large, max-video-preview:-1\" \/>\n<link rel=\"canonical\" href=\"https:\/\/poesiaprosaecafecomigo.com\/index.php\/livros\/\" \/>\n<meta property=\"og:locale\" content=\"pt_BR\" \/>\n<meta property=\"og:type\" content=\"article\" \/>\n<meta property=\"og:title\" content=\"Livros - Poesia, Prosa e Caf\u00e9 Comigo!\" \/>\n<meta property=\"og:description\" content=\"Definitivamente a leitura \u00e9 muito mais que pegar um livro ao se deitar, para acelerar a chegada do sono. Leitura \u00e9 mais que buscar conhecimento, \u00e9 mais que acumular cultura. Ler \u00e9 viajar no tempo e espa\u00e7o, sem sair do lugar. \u00c9 sentir o cora\u00e7\u00e3o pulsar com for\u00e7a e emo\u00e7\u00f5es. Sendo assim, neste cantinho, vou&hellip; Continuar lendo Pastoreando o Cora\u00e7\u00e3o da Crian\u00e7a \u2013 Tedd Tripp\" \/>\n<meta property=\"og:url\" content=\"https:\/\/poesiaprosaecafecomigo.com\/index.php\/livros\/\" \/>\n<meta property=\"og:site_name\" content=\"Poesia, Prosa e Caf\u00e9 Comigo!\" \/>\n<meta property=\"article:modified_time\" content=\"2019-08-10T20:30:10+00:00\" \/>\n<meta property=\"og:image\" content=\"https:\/\/poesiaprosaecafecomigo.com\/wp-content\/uploads\/2019\/08\/livros.jpg\" \/>\n\t<meta property=\"og:image:width\" content=\"1280\" \/>\n\t<meta property=\"og:image:height\" content=\"720\" \/>\n\t<meta property=\"og:image:type\" content=\"image\/jpeg\" \/>\n<meta name=\"twitter:card\" content=\"summary_large_image\" \/>\n<meta name=\"twitter:label1\" content=\"Est. tempo de leitura\" \/>\n\t<meta name=\"twitter:data1\" content=\"1 minuto\" \/>\n<script type=\"application\/ld+json\" class=\"yoast-schema-graph\">{\"@context\":\"https:\/\/schema.org\",\"@graph\":[{\"@type\":\"WebPage\",\"@id\":\"https:\/\/poesiaprosaecafecomigo.com\/index.php\/livros\/\",\"url\":\"https:\/\/poesiaprosaecafecomigo.com\/index.php\/livros\/\",\"name\":\"Livros - Poesia, Prosa e Caf\u00e9 Comigo!\",\"isPartOf\":{\"@id\":\"https:\/\/poesiaprosaecafecomigo.com\/#website\"},\"primaryImageOfPage\":{\"@id\":\"https:\/\/poesiaprosaecafecomigo.com\/index.php\/livros\/#primaryimage\"},\"image\":{\"@id\":\"https:\/\/poesiaprosaecafecomigo.com\/index.php\/livros\/#primaryimage\"},\"thumbnailUrl\":\"https:\/\/poesiaprosaecafecomigo.com\/wp-content\/uploads\/2019\/08\/livros.jpg\",\"datePublished\":\"2019-07-25T21:15:24+00:00\",\"dateModified\":\"2019-08-10T20:30:10+00:00\",\"breadcrumb\":{\"@id\":\"https:\/\/poesiaprosaecafecomigo.com\/index.php\/livros\/#breadcrumb\"},\"inLanguage\":\"pt-BR\",\"potentialAction\":[{\"@type\":\"ReadAction\",\"target\":[\"https:\/\/poesiaprosaecafecomigo.com\/index.php\/livros\/\"]}]},{\"@type\":\"ImageObject\",\"inLanguage\":\"pt-BR\",\"@id\":\"https:\/\/poesiaprosaecafecomigo.com\/index.php\/livros\/#primaryimage\",\"url\":\"https:\/\/poesiaprosaecafecomigo.com\/wp-content\/uploads\/2019\/08\/livros.jpg\",\"contentUrl\":\"https:\/\/poesiaprosaecafecomigo.com\/wp-content\/uploads\/2019\/08\/livros.jpg\",\"width\":1280,\"height\":720},{\"@type\":\"BreadcrumbList\",\"@id\":\"https:\/\/poesiaprosaecafecomigo.com\/index.php\/livros\/#breadcrumb\",\"itemListElement\":[{\"@type\":\"ListItem\",\"position\":1,\"name\":\"In\u00edcio\",\"item\":\"https:\/\/poesiaprosaecafecomigo.com\/\"},{\"@type\":\"ListItem\",\"position\":2,\"name\":\"Livros\"}]},{\"@type\":\"WebSite\",\"@id\":\"https:\/\/poesiaprosaecafecomigo.com\/#website\",\"url\":\"https:\/\/poesiaprosaecafecomigo.com\/\",\"name\":\"Poesia, Prosa e Caf\u00e9 Comigo!\",\"description\":\"Um lugar de descanso da mente\",\"publisher\":{\"@id\":\"https:\/\/poesiaprosaecafecomigo.com\/#\/schema\/person\/f4dede983ec8b0bb237b78c44fdf6ffa\"},\"potentialAction\":[{\"@type\":\"SearchAction\",\"target\":{\"@type\":\"EntryPoint\",\"urlTemplate\":\"https:\/\/poesiaprosaecafecomigo.com\/?s={search_term_string}\"},\"query-input\":{\"@type\":\"PropertyValueSpecification\",\"valueRequired\":true,\"valueName\":\"search_term_string\"}}],\"inLanguage\":\"pt-BR\"},{\"@type\":[\"Person\",\"Organization\"],\"@id\":\"https:\/\/poesiaprosaecafecomigo.com\/#\/schema\/person\/f4dede983ec8b0bb237b78c44fdf6ffa\",\"name\":\"MartaSouza\",\"image\":{\"@type\":\"ImageObject\",\"inLanguage\":\"pt-BR\",\"@id\":\"https:\/\/poesiaprosaecafecomigo.com\/#\/schema\/person\/image\/\",\"url\":\"https:\/\/poesiaprosaecafecomigo.com\/wp-content\/uploads\/2019\/07\/cropped-poesia_prosa_logo-3.png\",\"contentUrl\":\"https:\/\/poesiaprosaecafecomigo.com\/wp-content\/uploads\/2019\/07\/cropped-poesia_prosa_logo-3.png\",\"width\":816,\"height\":643,\"caption\":\"MartaSouza\"},\"logo\":{\"@id\":\"https:\/\/poesiaprosaecafecomigo.com\/#\/schema\/person\/image\/\"}}]}<\/script>\n<!-- \/ Yoast SEO plugin. -->","yoast_head_json":{"title":"Livros - Poesia, Prosa e Caf\u00e9 Comigo!","robots":{"index":"index","follow":"follow","max-snippet":"max-snippet:-1","max-image-preview":"max-image-preview:large","max-video-preview":"max-video-preview:-1"},"canonical":"https:\/\/poesiaprosaecafecomigo.com\/index.php\/livros\/","og_locale":"pt_BR","og_type":"article","og_title":"Livros - Poesia, Prosa e Caf\u00e9 Comigo!","og_description":"Definitivamente a leitura \u00e9 muito mais que pegar um livro ao se deitar, para acelerar a chegada do sono. Leitura \u00e9 mais que buscar conhecimento, \u00e9 mais que acumular cultura. Ler \u00e9 viajar no tempo e espa\u00e7o, sem sair do lugar. \u00c9 sentir o cora\u00e7\u00e3o pulsar com for\u00e7a e emo\u00e7\u00f5es. Sendo assim, neste cantinho, vou&hellip; Continuar lendo Pastoreando o Cora\u00e7\u00e3o da Crian\u00e7a \u2013 Tedd Tripp","og_url":"https:\/\/poesiaprosaecafecomigo.com\/index.php\/livros\/","og_site_name":"Poesia, Prosa e Caf\u00e9 Comigo!","article_modified_time":"2019-08-10T20:30:10+00:00","og_image":[{"width":1280,"height":720,"url":"https:\/\/poesiaprosaecafecomigo.com\/wp-content\/uploads\/2019\/08\/livros.jpg","type":"image\/jpeg"}],"twitter_card":"summary_large_image","twitter_misc":{"Est. tempo de leitura":"1 minuto"},"schema":{"@context":"https:\/\/schema.org","@graph":[{"@type":"WebPage","@id":"https:\/\/poesiaprosaecafecomigo.com\/index.php\/livros\/","url":"https:\/\/poesiaprosaecafecomigo.com\/index.php\/livros\/","name":"Livros - Poesia, Prosa e Caf\u00e9 Comigo!","isPartOf":{"@id":"https:\/\/poesiaprosaecafecomigo.com\/#website"},"primaryImageOfPage":{"@id":"https:\/\/poesiaprosaecafecomigo.com\/index.php\/livros\/#primaryimage"},"image":{"@id":"https:\/\/poesiaprosaecafecomigo.com\/index.php\/livros\/#primaryimage"},"thumbnailUrl":"https:\/\/poesiaprosaecafecomigo.com\/wp-content\/uploads\/2019\/08\/livros.jpg","datePublished":"2019-07-25T21:15:24+00:00","dateModified":"2019-08-10T20:30:10+00:00","breadcrumb":{"@id":"https:\/\/poesiaprosaecafecomigo.com\/index.php\/livros\/#breadcrumb"},"inLanguage":"pt-BR","potentialAction":[{"@type":"ReadAction","target":["https:\/\/poesiaprosaecafecomigo.com\/index.php\/livros\/"]}]},{"@type":"ImageObject","inLanguage":"pt-BR","@id":"https:\/\/poesiaprosaecafecomigo.com\/index.php\/livros\/#primaryimage","url":"https:\/\/poesiaprosaecafecomigo.com\/wp-content\/uploads\/2019\/08\/livros.jpg","contentUrl":"https:\/\/poesiaprosaecafecomigo.com\/wp-content\/uploads\/2019\/08\/livros.jpg","width":1280,"height":720},{"@type":"BreadcrumbList","@id":"https:\/\/poesiaprosaecafecomigo.com\/index.php\/livros\/#breadcrumb","itemListElement":[{"@type":"ListItem","position":1,"name":"In\u00edcio","item":"https:\/\/poesiaprosaecafecomigo.com\/"},{"@type":"ListItem","position":2,"name":"Livros"}]},{"@type":"WebSite","@id":"https:\/\/poesiaprosaecafecomigo.com\/#website","url":"https:\/\/poesiaprosaecafecomigo.com\/","name":"Poesia, Prosa e Caf\u00e9 Comigo!","description":"Um lugar de descanso da mente","publisher":{"@id":"https:\/\/poesiaprosaecafecomigo.com\/#\/schema\/person\/f4dede983ec8b0bb237b78c44fdf6ffa"},"potentialAction":[{"@type":"SearchAction","target":{"@type":"EntryPoint","urlTemplate":"https:\/\/poesiaprosaecafecomigo.com\/?s={search_term_string}"},"query-input":{"@type":"PropertyValueSpecification","valueRequired":true,"valueName":"search_term_string"}}],"inLanguage":"pt-BR"},{"@type":["Person","Organization"],"@id":"https:\/\/poesiaprosaecafecomigo.com\/#\/schema\/person\/f4dede983ec8b0bb237b78c44fdf6ffa","name":"MartaSouza","image":{"@type":"ImageObject","inLanguage":"pt-BR","@id":"https:\/\/poesiaprosaecafecomigo.com\/#\/schema\/person\/image\/","url":"https:\/\/poesiaprosaecafecomigo.com\/wp-content\/uploads\/2019\/07\/cropped-poesia_prosa_logo-3.png","contentUrl":"https:\/\/poesiaprosaecafecomigo.com\/wp-content\/uploads\/2019\/07\/cropped-poesia_prosa_logo-3.png","width":816,"height":643,"caption":"MartaSouza"},"logo":{"@id":"https:\/\/poesiaprosaecafecomigo.com\/#\/schema\/person\/image\/"}}]}},"_links":{"self":[{"href":"https:\/\/poesiaprosaecafecomigo.com\/index.php\/wp-json\/wp\/v2\/pages\/92","targetHints":{"allow":["GET"]}}],"collection":[{"href":"https:\/\/poesiaprosaecafecomigo.com\/index.php\/wp-json\/wp\/v2\/pages"}],"about":[{"href":"https:\/\/poesiaprosaecafecomigo.com\/index.php\/wp-json\/wp\/v2\/types\/page"}],"author":[{"embeddable":true,"href":"https:\/\/poesiaprosaecafecomigo.com\/index.php\/wp-json\/wp\/v2\/users\/1"}],"replies":[{"embeddable":true,"href":"https:\/\/poesiaprosaecafecomigo.com\/index.php\/wp-json\/wp\/v2\/comments?post=92"}],"version-history":[{"count":5,"href":"https:\/\/poesiaprosaecafecomigo.com\/index.php\/wp-json\/wp\/v2\/pages\/92\/revisions"}],"predecessor-version":[{"id":457,"href":"https:\/\/poesiaprosaecafecomigo.com\/index.php\/wp-json\/wp\/v2\/pages\/92\/revisions\/457"}],"wp:featuredmedia":[{"embeddable":true,"href":"https:\/\/poesiaprosaecafecomigo.com\/index.php\/wp-json\/wp\/v2\/media\/279"}],"wp:attachment":[{"href":"https:\/\/poesiaprosaecafecomigo.com\/index.php\/wp-json\/wp\/v2\/media?parent=92"}],"curies":[{"name":"wp","href":"https:\/\/api.w.org\/{rel}","templated":true}]}}